{"id":727,"date":"2016-08-29T14:07:07","date_gmt":"2016-08-29T12:07:07","guid":{"rendered":"http:\/\/wordpress.pace-europe.eu\/?page_id=727"},"modified":"2016-08-29T14:12:38","modified_gmt":"2016-08-29T12:12:38","slug":"proposition-de-pace-concernant-le-maintien-des-droits-des-citoyens-britanniques","status":"publish","type":"page","link":"https:\/\/www.pace-europe.eu\/ro\/proposition-de-pace-concernant-le-maintien-des-droits-des-citoyens-britanniques\/","title":{"rendered":"(Deutsch) VORSCHLAG VON PACE \u00dcBER DIE AUFRECHTERHALTUNG VON RECHTEN F\u00dcR DIE BRITISCHEN B\u00dcRGER"},"content":{"rendered":"<p class=\"qtranxs-available-languages-message qtranxs-available-languages-message-ro\">Din p\u0103cate acest articol este disponibil doar \u00een <a href=\"https:\/\/www.pace-europe.eu\/de\/wp-json\/wp\/v2\/pages\/727\" class=\"qtranxs-available-language-link qtranxs-available-language-link-de\" title=\"Deutsch\">German\u0103<\/a>, <a href=\"https:\/\/www.pace-europe.eu\/en\/wp-json\/wp\/v2\/pages\/727\" class=\"qtranxs-available-language-link qtranxs-available-language-link-en\" title=\"English\">Englez\u0103 American\u0103<\/a>, <a href=\"https:\/\/www.pace-europe.eu\/fr\/wp-json\/wp\/v2\/pages\/727\" class=\"qtranxs-available-language-link qtranxs-available-language-link-fr\" title=\"Fran\u00e7ais\">Francez\u0103<\/a>, <a href=\"https:\/\/www.pace-europe.eu\/es\/wp-json\/wp\/v2\/pages\/727\" class=\"qtranxs-available-language-link qtranxs-available-language-link-es\" title=\"Espa\u00f1ol\">Spaniol\u0103 European\u0103<\/a> \u0219i <a href=\"https:\/\/www.pace-europe.eu\/it\/wp-json\/wp\/v2\/pages\/727\" class=\"qtranxs-available-language-link qtranxs-available-language-link-it\" title=\"Italiano\">Italian\u0103<\/a>.<\/p>","protected":false},"excerpt":{"rendered":"<p>Din p\u0103cate acest articol este disponibil doar \u00een German\u0103, Englez\u0103 American\u0103, Francez\u0103, Spaniol\u0103 European\u0103 \u0219i Italian\u0103.<\/p>\n","protected":false},"author":4,"featured_media":0,"parent":0,"menu_order":0,"comment_status":"closed","ping_status":"closed","template":"","meta":{"footnotes":""},"_links":{"self":[{"href":"https:\/\/www.pace-europe.eu\/ro\/wp-json\/wp\/v2\/pages\/727"}],"collection":[{"href":"https:\/\/www.pace-europe.eu\/ro\/wp-json\/wp\/v2\/pages"}],"about":[{"href":"https:\/\/www.pace-europe.eu\/ro\/wp-json\/wp\/v2\/types\/page"}],"author":[{"embeddable":true,"href":"https:\/\/www.pace-europe.eu\/ro\/wp-json\/wp\/v2\/users\/4"}],"replies":[{"embeddable":true,"href":"https:\/\/www.pace-europe.eu\/ro\/wp-json\/wp\/v2\/comments?post=727"}],"version-history":[{"count":2,"href":"https:\/\/www.pace-europe.eu\/ro\/wp-json\/wp\/v2\/pages\/727\/revisions"}],"predecessor-version":[{"id":734,"href":"https:\/\/www.pace-europe.eu\/ro\/wp-json\/wp\/v2\/pages\/727\/revisions\/734"}],"wp:attachment":[{"href":"https:\/\/www.pace-europe.eu\/ro\/wp-json\/wp\/v2\/media?parent=727"}],"curies":[{"name":"wp","href":"https:\/\/api.w.org\/{rel}","templated":true}]}}