{"id":714,"date":"2016-08-29T12:49:45","date_gmt":"2016-08-29T10:49:45","guid":{"rendered":"http:\/\/wordpress.pace-europe.eu\/?page_id=714"},"modified":"2016-08-29T13:13:57","modified_gmt":"2016-08-29T11:13:57","slug":"referendum-britannique-sur-lappartenance-du-royaume-uni-a-lunion-europeenne-2016","status":"publish","type":"page","link":"https:\/\/www.pace-europe.eu\/ro\/referendum-britannique-sur-lappartenance-du-royaume-uni-a-lunion-europeenne-2016\/","title":{"rendered":"R\u00e9f\u00e9rendum britannique sur l&#8217;appartenance du Royaume-Uni \u00e0 l&#8217;Union europ\u00e9enne 2016"},"content":{"rendered":"<p class=\"qtranxs-available-languages-message qtranxs-available-languages-message-ro\">Din p\u0103cate acest articol este disponibil doar \u00een <a href=\"https:\/\/www.pace-europe.eu\/en\/wp-json\/wp\/v2\/pages\/714\" class=\"qtranxs-available-language-link qtranxs-available-language-link-en\" title=\"English\">Englez\u0103 American\u0103<\/a> \u0219i <a href=\"https:\/\/www.pace-europe.eu\/fr\/wp-json\/wp\/v2\/pages\/714\" class=\"qtranxs-available-language-link qtranxs-available-language-link-fr\" title=\"Fran\u00e7ais\">Francez\u0103<\/a>.<\/p>","protected":false},"excerpt":{"rendered":"<p>Din p\u0103cate acest articol este disponibil doar \u00een Englez\u0103 American\u0103 \u0219i Francez\u0103.<\/p>\n","protected":false},"author":4,"featured_media":0,"parent":0,"menu_order":0,"comment_status":"closed","ping_status":"closed","template":"","meta":{"footnotes":""},"_links":{"self":[{"href":"https:\/\/www.pace-europe.eu\/ro\/wp-json\/wp\/v2\/pages\/714"}],"collection":[{"href":"https:\/\/www.pace-europe.eu\/ro\/wp-json\/wp\/v2\/pages"}],"about":[{"href":"https:\/\/www.pace-europe.eu\/ro\/wp-json\/wp\/v2\/types\/page"}],"author":[{"embeddable":true,"href":"https:\/\/www.pace-europe.eu\/ro\/wp-json\/wp\/v2\/users\/4"}],"replies":[{"embeddable":true,"href":"https:\/\/www.pace-europe.eu\/ro\/wp-json\/wp\/v2\/comments?post=714"}],"version-history":[{"count":3,"href":"https:\/\/www.pace-europe.eu\/ro\/wp-json\/wp\/v2\/pages\/714\/revisions"}],"predecessor-version":[{"id":719,"href":"https:\/\/www.pace-europe.eu\/ro\/wp-json\/wp\/v2\/pages\/714\/revisions\/719"}],"wp:attachment":[{"href":"https:\/\/www.pace-europe.eu\/ro\/wp-json\/wp\/v2\/media?parent=714"}],"curies":[{"name":"wp","href":"https:\/\/api.w.org\/{rel}","templated":true}]}}