{"id":63,"date":"2016-06-28T11:18:43","date_gmt":"2016-06-28T10:18:43","guid":{"rendered":"https:\/\/paceeuropeblog.wordpress.com\/?page_id=62"},"modified":"2016-09-07T11:02:35","modified_gmt":"2016-09-07T09:02:35","slug":"a-propos-2","status":"publish","type":"page","link":"https:\/\/www.pace-europe.eu\/ro\/a-propos-2\/","title":{"rendered":"(Fran\u00e7ais) \u00c0 propos"},"content":{"rendered":"<p class=\"qtranxs-available-languages-message qtranxs-available-languages-message-ro\">Din p\u0103cate acest articol este disponibil doar \u00een <a href=\"https:\/\/www.pace-europe.eu\/fr\/wp-json\/wp\/v2\/pages\/63\" class=\"qtranxs-available-language-link qtranxs-available-language-link-fr\" title=\"Fran\u00e7ais\">Francez\u0103<\/a>, <a href=\"https:\/\/www.pace-europe.eu\/es\/wp-json\/wp\/v2\/pages\/63\" class=\"qtranxs-available-language-link qtranxs-available-language-link-es\" title=\"Espa\u00f1ol\">Spaniol\u0103 European\u0103<\/a> \u0219i <a href=\"https:\/\/www.pace-europe.eu\/it\/wp-json\/wp\/v2\/pages\/63\" class=\"qtranxs-available-language-link qtranxs-available-language-link-it\" title=\"Italiano\">Italian\u0103<\/a>.<\/p>","protected":false},"excerpt":{"rendered":"<p>Din p\u0103cate acest articol este disponibil doar \u00een Francez\u0103, Spaniol\u0103 European\u0103 \u0219i Italian\u0103.<\/p>\n","protected":false},"author":2,"featured_media":0,"parent":0,"menu_order":0,"comment_status":"closed","ping_status":"closed","template":"","meta":{"footnotes":""},"_links":{"self":[{"href":"https:\/\/www.pace-europe.eu\/ro\/wp-json\/wp\/v2\/pages\/63"}],"collection":[{"href":"https:\/\/www.pace-europe.eu\/ro\/wp-json\/wp\/v2\/pages"}],"about":[{"href":"https:\/\/www.pace-europe.eu\/ro\/wp-json\/wp\/v2\/types\/page"}],"author":[{"embeddable":true,"href":"https:\/\/www.pace-europe.eu\/ro\/wp-json\/wp\/v2\/users\/2"}],"replies":[{"embeddable":true,"href":"https:\/\/www.pace-europe.eu\/ro\/wp-json\/wp\/v2\/comments?post=63"}],"version-history":[{"count":17,"href":"https:\/\/www.pace-europe.eu\/ro\/wp-json\/wp\/v2\/pages\/63\/revisions"}],"predecessor-version":[{"id":757,"href":"https:\/\/www.pace-europe.eu\/ro\/wp-json\/wp\/v2\/pages\/63\/revisions\/757"}],"wp:attachment":[{"href":"https:\/\/www.pace-europe.eu\/ro\/wp-json\/wp\/v2\/media?parent=63"}],"curies":[{"name":"wp","href":"https:\/\/api.w.org\/{rel}","templated":true}]}}