{"id":201,"date":"2016-06-30T16:16:03","date_gmt":"2016-06-30T14:16:03","guid":{"rendered":"http:\/\/wordpress.pace-europe.eu\/?page_id=201"},"modified":"2016-08-25T16:13:43","modified_gmt":"2016-08-25T14:13:43","slug":"objectifs-initiaux","status":"publish","type":"page","link":"https:\/\/www.pace-europe.eu\/ro\/objectifs-initiaux\/","title":{"rendered":"(Deutsch) Anf\u00e4ngliche Ziele"},"content":{"rendered":"<p class=\"qtranxs-available-languages-message qtranxs-available-languages-message-ro\">Din p\u0103cate acest articol este disponibil doar \u00een <a href=\"https:\/\/www.pace-europe.eu\/de\/wp-json\/wp\/v2\/pages\/201\" class=\"qtranxs-available-language-link qtranxs-available-language-link-de\" title=\"Deutsch\">German\u0103<\/a>, <a href=\"https:\/\/www.pace-europe.eu\/en\/wp-json\/wp\/v2\/pages\/201\" class=\"qtranxs-available-language-link qtranxs-available-language-link-en\" title=\"English\">Englez\u0103 American\u0103<\/a>, <a href=\"https:\/\/www.pace-europe.eu\/fr\/wp-json\/wp\/v2\/pages\/201\" class=\"qtranxs-available-language-link qtranxs-available-language-link-fr\" title=\"Fran\u00e7ais\">Francez\u0103<\/a>, <a href=\"https:\/\/www.pace-europe.eu\/es\/wp-json\/wp\/v2\/pages\/201\" class=\"qtranxs-available-language-link qtranxs-available-language-link-es\" title=\"Espa\u00f1ol\">Spaniol\u0103 European\u0103<\/a> \u0219i <a href=\"https:\/\/www.pace-europe.eu\/it\/wp-json\/wp\/v2\/pages\/201\" class=\"qtranxs-available-language-link qtranxs-available-language-link-it\" title=\"Italiano\">Italian\u0103<\/a>.<\/p>","protected":false},"excerpt":{"rendered":"<p>Din p\u0103cate acest articol este disponibil doar \u00een German\u0103, Englez\u0103 American\u0103, Francez\u0103, Spaniol\u0103 European\u0103 \u0219i Italian\u0103.<\/p>\n","protected":false},"author":4,"featured_media":0,"parent":0,"menu_order":0,"comment_status":"closed","ping_status":"closed","template":"","meta":{"footnotes":""},"_links":{"self":[{"href":"https:\/\/www.pace-europe.eu\/ro\/wp-json\/wp\/v2\/pages\/201"}],"collection":[{"href":"https:\/\/www.pace-europe.eu\/ro\/wp-json\/wp\/v2\/pages"}],"about":[{"href":"https:\/\/www.pace-europe.eu\/ro\/wp-json\/wp\/v2\/types\/page"}],"author":[{"embeddable":true,"href":"https:\/\/www.pace-europe.eu\/ro\/wp-json\/wp\/v2\/users\/4"}],"replies":[{"embeddable":true,"href":"https:\/\/www.pace-europe.eu\/ro\/wp-json\/wp\/v2\/comments?post=201"}],"version-history":[{"count":4,"href":"https:\/\/www.pace-europe.eu\/ro\/wp-json\/wp\/v2\/pages\/201\/revisions"}],"predecessor-version":[{"id":674,"href":"https:\/\/www.pace-europe.eu\/ro\/wp-json\/wp\/v2\/pages\/201\/revisions\/674"}],"wp:attachment":[{"href":"https:\/\/www.pace-europe.eu\/ro\/wp-json\/wp\/v2\/media?parent=201"}],"curies":[{"name":"wp","href":"https:\/\/api.w.org\/{rel}","templated":true}]}}