{"id":1748,"date":"2024-03-27T10:10:46","date_gmt":"2024-03-27T09:10:46","guid":{"rendered":"https:\/\/www.pace-europe.eu\/?page_id=1748"},"modified":"2024-04-02T15:52:56","modified_gmt":"2024-04-02T13:52:56","slug":"elections-regionales-francaises-de-2021","status":"publish","type":"page","link":"https:\/\/www.pace-europe.eu\/ro\/elections\/elections-regionales-francaises-de-2021\/","title":{"rendered":"\u00c9lections r\u00e9gionales fran\u00e7aises de 2021"},"content":{"rendered":"\n<p>Pace et ses partenaires ont pr\u00e9sent\u00e9 deux listes lors des \u00e9lections r\u00e9gionales fran\u00e7aises de 2021. <\/p>\n\n\n\n<p>Dans les Hauts-de-France, la liste de Pace et ses partenaires (Allons Enfants, Volt, Nous Citoyens), conduite par Audric ALEXANDRE, a obtenu 6700 voix, soit 0,50% des suffrages exprim\u00e9s. <\/p>\n\n\n\n<p><strong>Consultez le programme<\/strong><a href=\"https:\/\/www.pace-europe.eu\/wp-content\/uploads\/2024\/03\/Programme-europeennePACE-2024.pdf\"><strong> ici. <\/strong><\/a><\/p>\n\n\n\n<p>En \u00cele-de-France, la liste \u00e0 laquelle Pace participait avec les m\u00eames partenaires que dans les Hauts-de-France, a obtenu 3629 voix, soit 0,17% des suffrages exprim\u00e9s. Dans le d\u00e9partement du Val-de-Marne, elle \u00e9tait conduite par Pierre-Louis LAUZET.<\/p>\n","protected":false},"excerpt":{"rendered":"<p>Pace et ses partenaires ont pr\u00e9sent\u00e9 deux listes lors des \u00e9lections r\u00e9gionales fran\u00e7aises de 2021. Dans les Hauts-de-France, la liste de Pace et ses partenaires (Allons Enfants, Volt, Nous Citoyens), conduite par Audric ALEXANDRE, a obtenu 6700 voix, soit 0,50% des suffrages exprim\u00e9s. Consultez le programme ici. En \u00cele-de-France, la liste \u00e0 laquelle Pace participait [&hellip;]<\/p>\n","protected":false},"author":4,"featured_media":0,"parent":175,"menu_order":0,"comment_status":"closed","ping_status":"closed","template":"","meta":{"footnotes":""},"_links":{"self":[{"href":"https:\/\/www.pace-europe.eu\/ro\/wp-json\/wp\/v2\/pages\/1748"}],"collection":[{"href":"https:\/\/www.pace-europe.eu\/ro\/wp-json\/wp\/v2\/pages"}],"about":[{"href":"https:\/\/www.pace-europe.eu\/ro\/wp-json\/wp\/v2\/types\/page"}],"author":[{"embeddable":true,"href":"https:\/\/www.pace-europe.eu\/ro\/wp-json\/wp\/v2\/users\/4"}],"replies":[{"embeddable":true,"href":"https:\/\/www.pace-europe.eu\/ro\/wp-json\/wp\/v2\/comments?post=1748"}],"version-history":[{"count":4,"href":"https:\/\/www.pace-europe.eu\/ro\/wp-json\/wp\/v2\/pages\/1748\/revisions"}],"predecessor-version":[{"id":1775,"href":"https:\/\/www.pace-europe.eu\/ro\/wp-json\/wp\/v2\/pages\/1748\/revisions\/1775"}],"up":[{"embeddable":true,"href":"https:\/\/www.pace-europe.eu\/ro\/wp-json\/wp\/v2\/pages\/175"}],"wp:attachment":[{"href":"https:\/\/www.pace-europe.eu\/ro\/wp-json\/wp\/v2\/media?parent=1748"}],"curies":[{"name":"wp","href":"https:\/\/api.w.org\/{rel}","templated":true}]}}