{"id":1746,"date":"2024-03-27T10:09:34","date_gmt":"2024-03-27T09:09:34","guid":{"rendered":"https:\/\/www.pace-europe.eu\/?page_id=1746"},"modified":"2024-03-27T10:20:23","modified_gmt":"2024-03-27T09:20:23","slug":"elections-legislatives-francaises-de-2022","status":"publish","type":"page","link":"https:\/\/www.pace-europe.eu\/ro\/elections\/elections-legislatives-francaises-de-2022\/","title":{"rendered":"\u00c9lections l\u00e9gislatives fran\u00e7aises de 2022"},"content":{"rendered":"\n<p>Pace a pr\u00e9sent\u00e9 9 candidats aux \u00e9lections l\u00e9gislatives fran\u00e7aises de 2022. <\/p>\n\n\n\n<ul>\n<li>Rodolph CASTEL dans la 11\u00e8me des Bouches-du-Rh\u00f4ne : 412 voix, 0,99%<\/li>\n\n\n\n<li>Audric ALEXANDRE dans la 1\u00e8re du Nord : 782 voix, 2,71%<\/li>\n\n\n\n<li>Marion T\u2019HOOFT dans la 17\u00e8me du Nord : 661 voix, 2,09%<\/li>\n\n\n\n<li>Pauline NAYET dans la 2\u00e8me du Pas-de-Calais : 749 voix, 1,74%<\/li>\n\n\n\n<li>Marl\u00e8ne SGARD dans la 3\u00e8me des Pyr\u00e9n\u00e9es-Orientales : 456 voix, 1,12%<\/li>\n\n\n\n<li>Philippe MAZUEL dans la 7\u00e8me de Paris : 982 voix, 2,10%<\/li>\n\n\n\n<li>David MONGIN dans la 3\u00e8me de la Somme : 520 voix, 1,23%<\/li>\n\n\n\n<li>Pierre-Louis LAUZET dans la 1\u00e8re du Val de Marne : 1302 voix, 3,04%<\/li>\n\n\n\n<li>Magalie JULIENNE en tant que suppl\u00e9ante dans la 1\u00e8re des Fran\u00e7ais \u00e9tablis hors de France : 172 voix, 0,34%<\/li>\n<\/ul>\n\n\n\n<p><\/p>\n","protected":false},"excerpt":{"rendered":"<p>Pace a pr\u00e9sent\u00e9 9 candidats aux \u00e9lections l\u00e9gislatives fran\u00e7aises de 2022.<\/p>\n","protected":false},"author":4,"featured_media":0,"parent":175,"menu_order":0,"comment_status":"closed","ping_status":"closed","template":"","meta":{"footnotes":""},"_links":{"self":[{"href":"https:\/\/www.pace-europe.eu\/ro\/wp-json\/wp\/v2\/pages\/1746"}],"collection":[{"href":"https:\/\/www.pace-europe.eu\/ro\/wp-json\/wp\/v2\/pages"}],"about":[{"href":"https:\/\/www.pace-europe.eu\/ro\/wp-json\/wp\/v2\/types\/page"}],"author":[{"embeddable":true,"href":"https:\/\/www.pace-europe.eu\/ro\/wp-json\/wp\/v2\/users\/4"}],"replies":[{"embeddable":true,"href":"https:\/\/www.pace-europe.eu\/ro\/wp-json\/wp\/v2\/comments?post=1746"}],"version-history":[{"count":2,"href":"https:\/\/www.pace-europe.eu\/ro\/wp-json\/wp\/v2\/pages\/1746\/revisions"}],"predecessor-version":[{"id":1761,"href":"https:\/\/www.pace-europe.eu\/ro\/wp-json\/wp\/v2\/pages\/1746\/revisions\/1761"}],"up":[{"embeddable":true,"href":"https:\/\/www.pace-europe.eu\/ro\/wp-json\/wp\/v2\/pages\/175"}],"wp:attachment":[{"href":"https:\/\/www.pace-europe.eu\/ro\/wp-json\/wp\/v2\/media?parent=1746"}],"curies":[{"name":"wp","href":"https:\/\/api.w.org\/{rel}","templated":true}]}}