{"id":957,"date":"2017-08-06T12:50:33","date_gmt":"2017-08-06T10:50:33","guid":{"rendered":"http:\/\/localhost\/wordpress\/?page_id=957"},"modified":"2017-08-06T13:03:15","modified_gmt":"2017-08-06T11:03:15","slug":"elections-legislatives-francaises-2017","status":"publish","type":"page","link":"https:\/\/www.pace-europe.eu\/it\/elections-legislatives-francaises-2017\/","title":{"rendered":"(Fran\u00e7ais) PROPOSITIONS ELECTIONS L\u00c9GISLATIVES FRAN\u00c7AISES 2017"},"content":{"rendered":"<p class=\"qtranxs-available-languages-message qtranxs-available-languages-message-it\">Ci spiace, ma questo articolo \u00e8 disponibile soltanto in <a href=\"https:\/\/www.pace-europe.eu\/fr\/wp-json\/wp\/v2\/pages\/957\" class=\"qtranxs-available-language-link qtranxs-available-language-link-fr\" title=\"Fran\u00e7ais\">Francese<\/a>.<\/p>","protected":false},"excerpt":{"rendered":"<p>Ci spiace, ma questo articolo \u00e8 disponibile soltanto in Francese.<\/p>\n","protected":false},"author":4,"featured_media":0,"parent":0,"menu_order":0,"comment_status":"closed","ping_status":"closed","template":"","meta":{"footnotes":""},"_links":{"self":[{"href":"https:\/\/www.pace-europe.eu\/it\/wp-json\/wp\/v2\/pages\/957"}],"collection":[{"href":"https:\/\/www.pace-europe.eu\/it\/wp-json\/wp\/v2\/pages"}],"about":[{"href":"https:\/\/www.pace-europe.eu\/it\/wp-json\/wp\/v2\/types\/page"}],"author":[{"embeddable":true,"href":"https:\/\/www.pace-europe.eu\/it\/wp-json\/wp\/v2\/users\/4"}],"replies":[{"embeddable":true,"href":"https:\/\/www.pace-europe.eu\/it\/wp-json\/wp\/v2\/comments?post=957"}],"version-history":[{"count":4,"href":"https:\/\/www.pace-europe.eu\/it\/wp-json\/wp\/v2\/pages\/957\/revisions"}],"predecessor-version":[{"id":965,"href":"https:\/\/www.pace-europe.eu\/it\/wp-json\/wp\/v2\/pages\/957\/revisions\/965"}],"wp:attachment":[{"href":"https:\/\/www.pace-europe.eu\/it\/wp-json\/wp\/v2\/media?parent=957"}],"curies":[{"name":"wp","href":"https:\/\/api.w.org\/{rel}","templated":true}]}}