{"id":88,"date":"2016-06-28T15:31:46","date_gmt":"2016-06-28T14:31:46","guid":{"rendered":"https:\/\/paceeuropeblog.wordpress.com\/?page_id=88"},"modified":"2016-08-25T16:01:29","modified_gmt":"2016-08-25T14:01:29","slug":"raison-detre-de-pace","status":"publish","type":"page","link":"https:\/\/www.pace-europe.eu\/it\/raison-detre-de-pace\/","title":{"rendered":"Le ragioni di PACE (Motivazioni)"},"content":{"rendered":"<p>All&#8217;occasione del 50\u00b0 anniversario del Trattato di Roma, il momento \u00e8 venuto di dare un nuovo impulso alla costruzione europea.<br \/>\nQuando questa avventura fu lanciata, il 9 maggio 1950, con la creazione della Comunit\u00e0 europea del carbone e dell&#8217;acciaio (CECA), l&#8217;ispirazione prima di tutto era data da un bisogno di consolidare la pace, dopo tante guerre fratricide tra i popoli europei.<\/p>\n<p>Il cammino percorso dagli anni 50 \u00e8 impressionante: l&#8217;Unione europea, fondata da sei Stati, ne conta ormai ventisette e ha raggiunto un grado d&#8217;integrazione molto avanzato, soprattutto sul piano giuridico e economico. Ha potentemente contribuito a ancorare la democrazia in Europa e a diffondere la prosperit\u00e0.<\/p>\n<p>Cos\u00ec facendo, la \u00abvecchia Europa\u00bb ha mostrato che si poteva costruire un grande insieme geopolitico non solo con la forza. Attraverso la cooperazione, gli scambi, la negoziazione e il diritto, \u00e8 possibile trasformare una regione divisa e esangue in uno spazio unito, democratico e prospero.<\/p>\n<p>Questa esperienza conferisce all&#8217;Unione europea un posto particolare nel mondo dove tante potenze si caratterizzano per una concezione pi\u00f9 tradizionale delle relazioni internazionali.<\/p>\n<p><strong>L&#8217;Unione europea, una grande realizzazione sottostimata<\/strong><\/p>\n<p>Ma i cittadini europei non sono sempre coscienti di questi progressi, di questi \u00abacquis\u00bb impressionanti. Peggio, molti di loro sembrano prendere oggi le loro distanze rispetto all&#8217;Unione, non capendo sempre quello che fa, trovandola distante, astratta, tecnocratica.<\/p>\n<p>Se l&#8217;Unione europea appare cos\u00ec lontana ai cittadini, \u00e8 perch\u00e9 si \u00e8 costruita certo per loro ma in fondo senza di loro, senza che il loro coinvolgimento diretto sia realmente sollecitato se non in maniera puntuale, superficiale, folcloristica. E&#8217; soprattutto a questo che bisogna rimediare.<\/p>\n<p>Sembra lontana perch\u00e9 i responsabili politici nazionali, nella loro grande maggioranza, non la conoscono, fanno fatica a parlarne e continuano a ragionare e a comportarsi come se sia ancora periferica, mentre \u00e8 diventata centrale . Per mancanza di familiarit\u00e0, non condividono abbastanza con i loro compatrioti l&#8217;analisi delle grandi sfide planetarie e europee, quando la comprensione di questi \u00e8 spesso una condizione sine qua non per identificare delle soluzioni realiste ai problemi nazionali e locali.<\/p>\n<p><strong>Gli Europei e il mondo hanno bisogno di pi\u00f9 d&#8217;Europa<\/strong><\/p>\n<p>Nel mondo multipolare dove le grandi nazioni come la Cina e l&#8217;India si affermano come giganti economici e politici di domani, l&#8217;Europa deve imperativamente rinforzare la sua unit\u00e0 e la sua coesione per continuare a contare.<\/p>\n<p>L&#8217;obiettivo non \u00e8 di ricercare la potenza per la potenza: bisogna superare questo stadio primario della riflessione geopolitica e concepire la potenza come semplice mezzo al servizio di un&#8217;ambizione; l&#8217;ambizione che l&#8217;Unione europea contribuisca, per il uso peso economico e demografico, la sua influenza intellettuale, la qualit\u00e0 del suo modello sociale e ambientale, alla risoluzione dei grandi problemi ai quali il pianeta \u00e8 confrontato, al primo posto dei quali i disequilibri ambientali, la povert\u00e0 e la violenza, problemi intimamente legati.<\/p>\n<p>Non si tratta dunque di un approccio classico del potere, ma una pratica responsabile fondata sulla constatazione che l&#8217;umanit\u00e0 ambita un pianeta che dobbiamo imparare a gestire insieme, attraverso l&#8217;emergenza di una governance mondiale sulle questioni globali.<\/p>\n<p><strong>Come gli europei possono essere utili al mondo<\/strong><\/p>\n<p>Numerosi sono gli europei che, restando profondamente attaccati al loro territorio, al loro paese, alla loro lingua e cultura nazionale, rimanendo legittimamente patrioti, capiscono che sono prima di tutto cittadini del mondo. Sanno che l&#8217;\u00abequatore non \u00e8 pi\u00f9 che un anello troppo stretto\u00bb e che se il pianeta va male, sul piano ambientale, economico, politico o sociale, non saranno risparmiati. Capiscono anche che la nazione alla quale non appartengono non ha una taglia sufficiente per agire sola mentre l&#8217;Unione europea pu\u00f2 permettere, in numerosi settori, di pesare sul corso delle cose.<\/p>\n<p>Perch\u00e9 sono riusciti a immaginare e realizzare questo modello unico nella storia che l&#8217;Unione europea, gli europei figurano tra i pi\u00f9 maturi e i pi\u00f9 credibili, i meglio equipaggiati anche, per partecipare all&#8217;elaborazione e alla promozione di una visione moderna del mondo, per proporre la combinazione di libert\u00e0, solidariet\u00e0, innovazione, di preoccupazione del lungo termine di cui il pianeta ha bisogno. Possono \u2013 e devono \u2013 giocare un ruolo maggiore nella costruzione di un mondo pacifico, prospero, ma solidale e rispettoso dell&#8217;ambiente degli uomini.<\/p>\n<p>L&#8217;Unione europea, in questa prospettiva, non \u00e8 una fine in se: \u00e8 uno strumento al servizio della costruzione di un mondo pi\u00f9 equilibrato. Strumento, da un lato, in quanto laboratorio, dal 1950, del vivere insieme, cio\u00e8 della sostituzione della cooperazione e della negoziazione istituzionalizzate alla confronto. Laboratorio anche dello sviluppo sostenibile, cio\u00e8 cella ricerca dell&#8217;equilibrio tra performance economica, protezione dell&#8217;ambiente e della dimensione umana, anche se molto resta ancora da fare in questo ambito. Strumento, dall&#8217;altro lato, grazie al suo peso che pu\u00f2 permettergli di operare con efficacia alla diffusione di buone politiche.<\/p>\n<p><strong>Andare avanti con l&#8217;impegno europeo<\/strong><\/p>\n<p>Cos\u00ec, dopo aver veicolato i suoi valori umanisti al sud e all&#8217;est dell&#8217;Europa, l&#8217;Unione deve non soltanto vegliare a consolidare questi aquis lavorando a una pi\u00f9 grande coesione economica, ma deve guardare anche al di l\u00e0 delle sue frontiere per partecipare attivamente all&#8217;emergenza di una societ\u00e0 mondiale pi\u00f9 giusta, pi\u00f9 equilibrata, pi\u00f9 pacifica.<\/p>\n<p>E&#8217; quello che cerca di fare attraverso la combinazione tra la sua politica di allargamento, destinata a certi vicini immediati,e la sua politica di vicinato che si indirizza agli altri Stati europei cos\u00ec come ai paesi dell&#8217;est e del sud del Mediterraneo, e la sua politica di sviluppo rivolta alle altre regioni del mondo, soprattutto l&#8217;Africa.<\/p>\n<p>Ma la dimensione dell&#8217;azione e le sue modalit\u00e0 di messa in opera, trattandosi di sviluppo dei paesi poveri, pur restando molto significative, non sono all&#8217;altezza delle sfide in termini quantitativi e metodologici. La politica di sviluppo deve essere ripensata nei suoi obiettivi e nelle sue modalit\u00e0, quindi spiegata ai cittadini europei perch\u00e9 ne capiscano le finalit\u00e0, le facciano proprie e si associno pienamente. Deve infine essere messa in atto secondo le modalit\u00e0 che accordino un spazio molto pi\u00f9 grande alle collettivit\u00e0 locali, meglio posizionate rispetto agli attori nazionali per contribuire all&#8217;avanzamento concreto in settori quali l&#8217;accesso all&#8217;acqua potabile, la gestione dei rifiuti, l&#8217;agricoltura, l&#8217;educazione, l&#8217;iniziativa economica.<\/p>\n<p><strong>Il cittadino europeo, motore per il rilancio dell&#8217;Unione, e la necessaria emergenza di uno spazio politico europeo<\/strong><\/p>\n<p>Gli obiettivi ambiziosi evocati qui sopra non potranno essere raggiunti che dal coinvolgimento dei cittadini, coinvolgimento diretto e pieno, nella consolidazione e l&#8217;evoluzione del progetto europeo. Bisogna indirizzarsi direttamente a loro per dibattere dell&#8217;Europa e delle sfide mondiali, e per far loro capire quale \u00e8 il loro ruolo importante da giocare nella storia contemporanea dell&#8217;umanit\u00e0. No, la storia non \u00e8 finita per l&#8217;Europa. No, non ha vocazione al declino perch\u00e9 la Cina e l&#8217;India arrivano alla potenza. Ha vocazione, al contrario, a illuminare la via, con gli altri, e a contribuire all&#8217;elaborazione dei modi di governance mondiali efficaci.<\/p>\n<p>Per fare tutto ci\u00f2, conviene lavorare all&#8217;affermazione di un&#8217;opinione pubblica europea e all&#8217;emergenza di uno spazio politico europeo, complementare agli spazi politici nazionali.<\/p>\n<p>E&#8217; questa volont\u00e0 che conduce oggi alla creazione di un Partito dei cittadini europei, movimento ambientalista e sociale di livello europeo che porter\u00e0 la sigla \u00abPA.C.E.\u00bb in riferimento alla vocazione alla pace che i padri fondatori hanno voluto conferire al progetto europeo.<\/p>\n<p>Movimento ambientalista, per portare al pi\u00f9 alto livello, al piano europeo e mondiale, la difesa dell&#8217;ambiente e di contribuire nel trovare soluzioni tecniche che permettano di conciliare crescita economica e protezione del pianeta.<\/p>\n<p>Movimento sociale, anche, perch\u00e9 la nostra Europa non si rinforzer\u00e0 che restando fedele ai valori della solidariet\u00e0 e della giustizia ai quali la maggioranza degli Europei sono attaccati e di cui il resto del mondo ha bisogno.<\/p>\n<p>E&#8217; tempo che i cittadini europei si approprino l&#8217;Europa, come si sono appropriati, gi\u00e0 o non ancora, il loro spazio politico nazionale, rifiutando di lasciarne il destino tra le mani di qualcuno, prima aristocratico, ieri apparatchiks, oggi tecnocrate.<\/p>\n<p><strong>Una nuova generazione di donne e uomini deve ora formarsi<\/strong><\/p>\n<p>Ci\u00f2 che ha permesso la creazione e il successo iniziali della costruzione europea, \u00e8 la congiunzione di due fattori: una maturit\u00e0 delle opinioni pubbliche, stanche delle guerre ricorrenti, e l&#8217;esistenza degli uomini di Stato portatori di una visione.<\/p>\n<p>Ora, questi due motori sono oggi in panne: le opinioni sembrano hfd e le donne e gli uomini di Stato capaci di formulare e di far condividere una visione si fanno attendere. Si cerca oggi, invano, le grandi voci dell&#8217;Europa.<\/p>\n<p>E&#8217; tempo dunque di indirizzarsi direttamente al cittadino europeo, per risvegliare la sua coscienza europea, e promuovere una nuova generazione di donne e uomini capaci di dare al nostro continente un soffio nuovo.<\/p>\n<p style=\"text-align: right;\">Bruxelles, 9 maggio 2007<\/p>\n<p style=\"text-align: right;\"><strong>Traduzione dal francese di Castore Gabbiadini<\/strong><\/p>\n<p><\/p>","protected":false},"excerpt":{"rendered":"<p>All&#8217;occasione del 50\u00b0 anniversario del Trattato di Roma, il momento \u00e8 venuto di dare un nuovo impulso alla costruzione europea. Quando questa avventura fu lanciata, il 9 maggio 1950, con la creazione della Comunit\u00e0 europea del carbone e dell&#8217;acciaio (CECA), l&#8217;ispirazione prima di tutto era data da un bisogno di consolidare la pace, dopo tante [&hellip;]<\/p>\n","protected":false},"author":2,"featured_media":0,"parent":0,"menu_order":0,"comment_status":"closed","ping_status":"closed","template":"","meta":{"footnotes":""},"_links":{"self":[{"href":"https:\/\/www.pace-europe.eu\/it\/wp-json\/wp\/v2\/pages\/88"}],"collection":[{"href":"https:\/\/www.pace-europe.eu\/it\/wp-json\/wp\/v2\/pages"}],"about":[{"href":"https:\/\/www.pace-europe.eu\/it\/wp-json\/wp\/v2\/types\/page"}],"author":[{"embeddable":true,"href":"https:\/\/www.pace-europe.eu\/it\/wp-json\/wp\/v2\/users\/2"}],"replies":[{"embeddable":true,"href":"https:\/\/www.pace-europe.eu\/it\/wp-json\/wp\/v2\/comments?post=88"}],"version-history":[{"count":3,"href":"https:\/\/www.pace-europe.eu\/it\/wp-json\/wp\/v2\/pages\/88\/revisions"}],"predecessor-version":[{"id":672,"href":"https:\/\/www.pace-europe.eu\/it\/wp-json\/wp\/v2\/pages\/88\/revisions\/672"}],"wp:attachment":[{"href":"https:\/\/www.pace-europe.eu\/it\/wp-json\/wp\/v2\/media?parent=88"}],"curies":[{"name":"wp","href":"https:\/\/api.w.org\/{rel}","templated":true}]}}