{"id":71,"date":"2016-06-28T11:31:08","date_gmt":"2016-06-28T10:31:08","guid":{"rendered":"https:\/\/paceeuropeblog.wordpress.com\/?page_id=71"},"modified":"2016-08-25T16:02:23","modified_gmt":"2016-08-25T14:02:23","slug":"ideario","status":"publish","type":"page","link":"https:\/\/www.pace-europe.eu\/it\/ideario\/","title":{"rendered":"Idee chiave"},"content":{"rendered":"<p><\/p>\n<p style=\"text-align: center;\"><strong>1. UNA PROPOSTA FONDAMENTALE STORICA: FAR CRESCERE UNA COMUNIT\u00c0 POLITICA EUROPEA REALE ED EFFETTIVA RAFFORZANDO INSIEME LA DIMENSIONE POLITICA DELLA CITTADINANZA EUROPEA.<\/strong><\/p>\n<p><strong>Promuovere un vero dibattito politico su scala dell&#8217;Unione Europea<\/strong><\/p>\n<p>Le decisioni adottate oggi a livello europeo hanno un impatto diretto e profondo sulla vita di tutti i cittadini europei. Essi sono chiamati a far fronte a problemi comuni e le risposte possono ormai venire essenzialmente da istanze europee. Paradossalmente tuttavia queste questioni continuano ad essere discusse e negoziate principalmente a livello nazionale. \u00c8 venuto il momento, per tutti i cittadini europei, di studiare come, insieme, vogliono rispondere alle sfide del\u00a0 XXI secolo e articolare una idea dell\u00b4interesse generale europeo.<\/p>\n<p><strong>Presentare ai cittadini europei alcune posizioni politiche articolate per l\u00b4insieme dell\u00b4Unione europea<\/strong><\/p>\n<p>Favorire l&#8217;emergere di una comunit\u00e0 politica europea rappresenta una sfida reale. Oltre ad un migliore utilizzo dei meccanismi istituzionali esistenti, \u00e8 necessario che alla base si sviluppino posizioni politiche comuni, attraverso l&#8217;interazione diretta dei cittadini europei.<\/p>\n<p>PACE s\u00b4impegna a prendere posizioni transnazionali e a fare proposte pensate per tutti gli europei. Svilupper\u00e0 le proprie posizioni ascoltando i suoi membri e con l&#8217;ambizione di ottenere un supporto diretto da parte dei cittadini attraverso l\u00b4Unione.<\/p>\n<p><strong>Un bisogno che non pu\u00f2 pi\u00f9 aspettare: esigere una responsabilit\u00e0 (\u00ab accountability \u00bb) democratica accresciuta e diretta delle istituzioni e dei decisori europei<\/strong><\/p>\n<p>Il deficit di democrazia nelle prese di decisione dell\u00b4Unione europea conduce a una vera crisi di legittimit\u00e0. PACE s\u00b4impegna non solo a presentare ai cittadini, in modo chiaro e leggibile, le principali attivit\u00e0 e decisioni europee, ma anche a rappresentarli per esigere dalle autorit\u00e0 europee che assumano pienamente le proprie responsabilit\u00e0 politiche.<\/p>\n<p><strong>Familiarizzare l\u00b4opinione pubblica europea con il suo contesto politico<\/strong><\/p>\n<p>Affinch\u00e9 il cittadino europeo possa appropriarsi effettivamente delle istituzioni europee e giudicarne il funzionamento, come egli pu\u00f2 fare con i propri governi e istituzioni nazionali, occorre svolgere un enorme sforzo di pedagogia e di familiarizzazione con il funzionamento dell\u00b4Unione europea. PACE s\u00b4impegna a contribuire a questo obiettivo attraverso la propria rete europea e a incoraggiare le autorit\u00e0 dell\u00b4Unione europea e degli Stati membri a moltiplicare le proprie iniziative in questa direzione.<\/p>\n<p style=\"text-align: center;\"><strong>2. UNA STRUTTURA DI PARTITO ORIGINALE CON VALORI SOLIDI PER LA VITA PUBBLICA<\/strong><\/p>\n<p><strong>Un partito con una forte identit\u00e0 europea<\/strong><\/p>\n<p>I membri di PACE provengono da tutti i paesi dell\u00b4Unione europea e deliberano secondo una logica orizzontale, senza distinzione di nazionalit\u00e0. Essi costituiscono cos\u00ec anche un laboratorio dell&#8217;identit\u00e0 politica europea.<\/p>\n<p>Una presa di decisioni completamente europeizzata<\/p>\n<p>Nelle sue proposte e prese di posizione, PACE rappresenta una \u00ab circoscrizione \u00bb unica. L&#8217;armonizzazione o la conciliazione tra percezioni \u00ab nazionali \u00bb differenti, e tra interessi nazionali potenzialmente contraddittori, si realizza all&#8217;interno del partito. Ne risulteranno prese di posizione che rappresentano l\u00b4interesse generale europeo, cos\u00ec come viene percepito dai membri di PACE.<\/p>\n<p><strong>Trasparenza totale nel funzionamento e finanziamento del partito<\/strong><\/p>\n<p>PACE si impegna ad agire con trasparenza, attraverso, in particolare, l&#8217;apertura delle sue riunioni principale a osservatori, la loro messa in rete e la pubblicazione dei rendiconti. Il finanziamento di PACE \u00e8 oggi assicurato unicamente dalle quote e dalle donazioni dei membri. I conti certificati sono messi a disposizione del pubblico.<\/p>\n<p><strong>Un codice etico interno rigoroso<\/strong><\/p>\n<p>La mancanza di etica dei dirigenti, e in particolare il loro rapporto al denaro, \u00e8 spesso percepito da molti cittadini come una calamit\u00e0 per la vita politica. Cosciente dei danni che questa mancanza di rigore morale provoca nell&#8217;opinione pubblica, PACE intende collocare l&#8217;etica al centro del proprio agire.<\/p>\n<p style=\"text-align: center;\"><strong>3. UNA COLLOCAZIONE IDEOLOGICA INNOVATIVA, REALISTA E PRAGMATICA, CHE RISPONDE AI SENTIMENTI DELLA MAGGIORANZA DEGLI EUROPEI<\/strong><\/p>\n<p><strong>Evitare le distinzioni nazionali e sempliciste destra-sinistra<\/strong><\/p>\n<p><strong>Difendere senza ambiguit\u00e0 un&#8217;economia sociale di mercato<\/strong><\/p>\n<p>Un&#8217;economia sociale di mercato \u00e8 una economia libera, non dirigistica, in cui un posto centrale \u00e8 riservato all&#8217;uomo e all&#8217;equilibrio sociale.<\/p>\n<p>\u2022 Il settore privato, in particolare le piccole e medie imprese, \u00e8 il motore principale della creazione della ricchezza nell\u00b4Unione europea. Politiche che incoraggiano e premiano l\u00b4innovazione e la competitivit\u00e0 in un mercato mondiale sono una priorit\u00e0.<\/p>\n<p>\u2022 Un alto livello di protezione sociale e una vera solidariet\u00e0 per i meno favoriti caratterizzano il modello europeo. Per garantire la difesa e lo sviluppo di questo modello, \u00e8 necessario mettere in atto politiche che collocano l&#8217;uomo al centro dell&#8217;attivit\u00e0 economica difendendo in modo particolare i sistemi di educazione e garantendo\u00a0 l&#8217;accesso di tutti al servizio sanitario.<\/p>\n<p><strong>Promuovere un&#8217;attivit\u00e0 governativa economica europea democratica e ricollocare il settore finanziario al servizio dell\u00b4economia reale e della societ\u00e0<\/strong><\/p>\n<p>Nella congiuntura attuale, bisogna promuovere una riflessione coraggiosa e responsabile sul governamento economico dell\u00b4Unione europea, in contrasto con le logiche di improvvisazione che sono prevalse nelle decisioni a partire dall&#8217;adozione dell\u00b4euro. \u00c8 opportuno, inoltre, riaffermare e organizzare la subordinazione della sfera finanziaria all\u00b4economia reale.<\/p>\n<p><strong>Fare dello sviluppo sostenibile una realt\u00e0<\/strong><\/p>\n<p>La politica economica dell&#8217;Europa deve servire a promuoverne lo sviluppo economico e sociale in una prospettiva di durata, di equilibrio e di rispetto dell&#8217;ambiente. Bisogna prevenire le crisi climatiche ed energetiche previste concentrando un piano di rilancio dell&#8217;economia europea su posti di lavoro in settori dedicati alla protezione dell&#8217;ambiente e in politiche di transizione dalle energie fossili verso energie rinnovabili. PACE intende fare dell&#8217;obiettivo ecologico uno dei motori della crescita economica in Europa, poich\u00e9 uno dei mezzi concreti da promuovere \u00e8 l&#8217;economia delle funzionalit\u00e0.<\/p>\n<p><strong>Incoraggiare il progredire della costruzione europea a partire dai paesi che lo richiedono<\/strong><\/p>\n<p>Lo scenario di un&#8217;Unione a pi\u00f9 velocit\u00e0 \u00e8 gi\u00e0 una realt\u00e0 (zona euro, spazio Schengen). Conviene ora trovare formule che permettano agli Stati membri dell&#8217;UE che lo richiedono di procedere pi\u00f9 velocemente nell&#8217;integrazione, soprattutto in materia di politiche economiche, educative e culturali.<\/p>\n<p><strong>Garantire ed estendere le libert\u00e0 pubbliche e i diritti civili e politici in tutta l\u00b4Unione europea<\/strong><\/p>\n<p>L&#8217;Europa \u00e8 uno spazio in cui ogni cittadino deve potersi sviluppare nella propria singolarit\u00e0, nel rispetto dei valori menzionati all&#8217;articolo 2 del trattato sull&#8217;Unione europea: \u00ab L&#8217;Unione \u00e8 fondata sui valori di rispetto della dignit\u00e0 umana, di libert\u00e0, di democrazia, di uguaglianza, dello Stato di diritto, cos\u00ec come di rispetto dei diritti dell&#8217;uomo, compresi i diritti delle persone appartenenti a minoranze. Questi valori sono comuni agli Stati membri in una societ\u00e0 caratterizzata dal pluralismo, la non-discriminazione, la tolleranza, la giustizia, la solidariet\u00e0 e l&#8217;uguaglianza tra le donne e gli uomini\u00bb.<\/p>\n<p><strong>Promuovere effettivamente la pace, la democrazia e i diritti dell\u00b4uomo nel mondo, imperativi strategici ed etici nucleo dell\u00b4identit\u00e0 europea<\/strong><\/p>\n<p>La politica estera e di sicurezza dell\u00b4Unione europea, sempre in embrione, non \u00e8 ancora riuscita a portare un contributo di rilievo alla stabilit\u00e0 internazionale, n\u00e9 a promuovere in modo effettivo i diritti dell\u00b4uomo e la democrazia nel mondo. In un contesto in cui il peso relativo dell\u00b4Unione si sta riducendo, la sinergia tra questi due obiettivi diviene sempre pi\u00f9 difficile da realizzare ma diviene anche ancor pi\u00f9 necessaria. Standards utilizzati con la logica &#8220;due pesi, due misure&#8221;, enorme spreco di risorse, conflitti tra interessi nazionali, incapacit\u00e0 di reagire, ostacoli burocratici, assenza di una leadership chiara sono alcuni degli ostacoli da superare.<\/p>\n<p style=\"text-align: right;\">Testo adottato dall&#8217;assemblea generale ordinaria di PACE, \u00e0 Bruxelles, il 9 giugno 2012<\/p>\n<p><\/p>","protected":false},"excerpt":{"rendered":"<p>1. UNA PROPOSTA FONDAMENTALE STORICA: FAR CRESCERE UNA COMUNIT\u00c0 POLITICA EUROPEA REALE ED EFFETTIVA RAFFORZANDO INSIEME LA DIMENSIONE POLITICA DELLA CITTADINANZA EUROPEA. Promuovere un vero dibattito politico su scala dell&#8217;Unione Europea Le decisioni adottate oggi a livello europeo hanno un impatto diretto e profondo sulla vita di tutti i cittadini europei. Essi sono chiamati a [&hellip;]<\/p>\n","protected":false},"author":2,"featured_media":0,"parent":0,"menu_order":0,"comment_status":"closed","ping_status":"closed","template":"","meta":{"footnotes":""},"_links":{"self":[{"href":"https:\/\/www.pace-europe.eu\/it\/wp-json\/wp\/v2\/pages\/71"}],"collection":[{"href":"https:\/\/www.pace-europe.eu\/it\/wp-json\/wp\/v2\/pages"}],"about":[{"href":"https:\/\/www.pace-europe.eu\/it\/wp-json\/wp\/v2\/types\/page"}],"author":[{"embeddable":true,"href":"https:\/\/www.pace-europe.eu\/it\/wp-json\/wp\/v2\/users\/2"}],"replies":[{"embeddable":true,"href":"https:\/\/www.pace-europe.eu\/it\/wp-json\/wp\/v2\/comments?post=71"}],"version-history":[{"count":3,"href":"https:\/\/www.pace-europe.eu\/it\/wp-json\/wp\/v2\/pages\/71\/revisions"}],"predecessor-version":[{"id":673,"href":"https:\/\/www.pace-europe.eu\/it\/wp-json\/wp\/v2\/pages\/71\/revisions\/673"}],"wp:attachment":[{"href":"https:\/\/www.pace-europe.eu\/it\/wp-json\/wp\/v2\/media?parent=71"}],"curies":[{"name":"wp","href":"https:\/\/api.w.org\/{rel}","templated":true}]}}