{"id":63,"date":"2016-06-28T11:18:43","date_gmt":"2016-06-28T10:18:43","guid":{"rendered":"https:\/\/paceeuropeblog.wordpress.com\/?page_id=62"},"modified":"2016-09-07T11:02:35","modified_gmt":"2016-09-07T09:02:35","slug":"a-propos-2","status":"publish","type":"page","link":"https:\/\/www.pace-europe.eu\/it\/a-propos-2\/","title":{"rendered":"Chi siamo ?"},"content":{"rendered":"<p><img loading=\"lazy\" decoding=\"async\" class=\" size-full wp-image-2 aligncenter\" src=\"http:\/\/wordpress.pace-europe.eu\/wp-content\/uploads\/2016\/06\/cffa06aa-7cda-4a70-8ca9-8313fdae6a74.png\" alt=\"cffa06aa-7cda-4a70-8ca9-8313fdae6a74\" width=\"260\" height=\"145\" \/><\/p>\n<p style=\"text-align: justify;\"><strong>Il\u00a0<span style=\"color: #99cc00;\">P<span style=\"color: #000000;\">a<\/span><span style=\"color: #000000;\">rtito dei<\/span>\u00a0<span style=\"color: #3366ff;\">Cittadini<\/span><\/span><span style=\"color: #3366ff;\">\u00a0Europei<\/span>\u00a0(<span style=\"color: #99cc00;\">P<\/span><span style=\"color: #000000;\">A<\/span><span style=\"color: #3366ff;\">CE<\/span>)<\/strong>\u00a0\u00e8 un <strong>partito politico europeo fondato a Bruxelles il 9 maggio 2007 <\/strong>in occasione dei 50 anni del Trattato di Roma. Registrato come un&#8217;associazione internazionale secondo la legge belga (AISBL), il partito \u00e8 pensato per essere presente nell&#8217;insieme dei Paesi membri dell&#8217;Unione europea. I suoi membri sono cittadini e cittadine di qualunque Stato membro dell&#8217;Unione, o cittadini e cittadine di Paesi terzi, i\/le quali condividono i valori dell&#8217;Unione europea e del\u00a0<strong><span style=\"color: #99cc00;\">P<span style=\"color: #000000;\">a<\/span><span style=\"color: #000000;\">rtito dei<\/span>\u00a0<span style=\"color: #3366ff;\">Cittadini<\/span><\/span><span style=\"color: #3366ff;\">\u00a0Europei<\/span><\/strong>. <strong><span style=\"color: #99cc00;\">P<\/span><span style=\"color: #000000;\">A<\/span><span style=\"color: #3366ff;\">CE <\/span><\/strong>\u00e8 attivo essenzialmente in Francia, in Germania, nel Regno Unito, in Belgio e in Romania.<\/p>\n<p style=\"text-align: center;\"><strong>Il \/La cittadino\/a europeo\/a al centro del progetto<\/strong><\/p>\n<p style=\"text-align: justify;\"><strong>L\u2019idea dei fondatori di\u00a0<span style=\"color: #99cc00;\">P<\/span><span style=\"color: #000000;\">A<\/span><span style=\"color: #3366ff;\">CE <\/span>\u00e8 che il rilancio della costruzione europea non pu\u00f2 essere messo in atto che dagli stessi cittadini e cittadine dell&#8217;Unione. Questi ultimi, devono organizzarsi e appropriarsi delle nuove tappe della costruzione del progetto europeo.<\/strong>\u00a0Con questa volont\u00e0 di ridare spazio ai cittadini europei \u00e8 stato creato <strong>il <span style=\"color: #99cc00;\">P<span style=\"color: #000000;\">a<\/span><span style=\"color: #000000;\">rtito dei<\/span>\u00a0<span style=\"color: #3366ff;\">Cittadini<\/span><\/span><span style=\"color: #3366ff;\">\u00a0Europei<\/span>, \u00ab movimento ambientalista e sociale di scala europea \u00bb<\/strong>,\u00a0sotto la sigla\u00a0<strong>\u00ab<span style=\"color: #99cc00;\">P<\/span><span style=\"color: #000000;\">A<\/span><span style=\"color: #3366ff;\">CE\u00a0<\/span>\u00bb<\/strong>, riferita alla vocazione pacifica dei fondatori originali del progetto europeo.<\/p>\n<p style=\"text-align: center;\"><strong>Creazione di uno Stato federale<\/strong><\/p>\n<p style=\"text-align: justify;\">Il progetto di\u00a0<strong><span style=\"color: #99cc00;\">P<\/span><span style=\"color: #000000;\">A<\/span><span style=\"color: #3366ff;\">CE<\/span><\/strong>\u00a0si basa sulla\u00a0<strong>creazione di uno Stato federale europeo &#8211; <span style=\"color: #99cc00;\">la Re<\/span><span style=\"color: #000000;\">pubblica<\/span>\u00a0<span style=\"color: #3366ff;\">europea<\/span>\u00a0&#8211;<\/strong>\u00a0dalla parte dei Paesi che desiderano andare avanti insieme nell&#8217;ambito dell&#8217;Europa sociale, dell&#8217;Europa fiscale, dell&#8217;Europa della difesa, dell&#8217;Europa dell&#8217;energia e, soprattutto, dell&#8217;Europa politica e democratica.<\/p>\n<p style=\"text-align: center;\"><strong>Posizionamento politico<\/strong><\/p>\n<p><strong><span style=\"color: #99cc00;\">P<\/span><span style=\"color: #000000;\">A<\/span><span style=\"color: #3366ff;\">CE\u00a0<\/span><\/strong>si definisce come un\u00a0<strong>movimento ambientale e sociale che promuove il concetto di &#8220;economia equa&#8221;.<\/strong><\/p>\n<p style=\"text-align: justify;\"><strong>Movimento ambientale<\/strong>, <strong><span style=\"color: #99cc00;\">P<\/span><span style=\"color: #000000;\">A<\/span><span style=\"color: #3366ff;\">CE <\/span><\/strong>ritiene che le questioni ambientali costituiscano la pi\u00f9 grande sfida del nostro tempo. Il cambiamento climatico, la qualit\u00e0 dell&#8217;aria e delle acque, preservare la biodiversit\u00e0 sono questioni dalle quali dipendono la sopravvivenza dell&#8217;umanit\u00e0 e la sostenibilit\u00e0 delle risorse. Solo l&#8217;Unione europea, grazie alla sua importanza a livello internazionale, pu\u00f2 farsi portatrice a livello mondiale delle proposte in risposta a queste sfide.<\/p>\n<p style=\"text-align: justify;\"><strong>Movimento sociale<\/strong>\u00a0poich\u00e9, secondo\u00a0<strong><span style=\"color: #99cc00;\">P<\/span><span style=\"color: #000000;\">A<\/span><span style=\"color: #3366ff;\">CE<\/span><\/strong>, l\u2019Europa deve proteggere il suo modello sociale, parte della sua peculiarit\u00e0, forza, attrattivit\u00e0 e coesione. I principi di solidariet\u00e0 e di giustizia sociale devono guidare l&#8217;azione dell&#8217;Unione europea. Se il modello sociale \u00e8 minacciato, l&#8217;Europa deve reagire rinnovandolo e rendendolo duraturo.<\/p>\n<p style=\"text-align: justify;\"><strong>Movimento che promuove l&#8217;economia equa<\/strong>, ovvero un&#8217;economia pi\u00f9 equilibrata e creativa poich\u00e9 l&#8217;innovazione, che sia tecnologica o economica, deve essere incoraggiata e facilitata.<\/p>\n<p style=\"text-align: center;\"><strong>Multilinguismo<\/strong><\/p>\n<p style=\"text-align: justify;\">Una delle caratteristiche essenziali di\u00a0<strong><span style=\"color: #99cc00;\">P<\/span><span style=\"color: #000000;\">A<\/span><span style=\"color: #3366ff;\">CE\u00a0<\/span><\/strong>\u00e8 il\u00a0<strong>multilinguismo<\/strong>. <strong><span style=\"color: #99cc00;\">P<\/span><span style=\"color: #000000;\">A<\/span><span style=\"color: #3366ff;\">CE\u00a0<\/span><\/strong>rispetta tutte le 24 lingue ufficiali dell&#8217;Unione europea (bulgaro, ceco, danese, tedesco, estone, greco, inglese, spagnolo, francese, gaelico, croato, italiano, lettone, lituano, ungherese, maltese, olandese, polacco, portoghese, romeno, slovacco, sloveno, finlandese, svedese) e si sforza di lavorare e comunicare nel maggior numero di lingue ufficiali possibile, ad esempio nelle tre lingue di lavoro (inglese, tedesco e francese). Ci\u00f2 \u00e8 dovuto alla volont\u00e0 di risultare comprensibili al maggior numero di cittadini e cittadine e ad evitare la reazione di rifiuto nei confronti di una lingua sconosciuta.<\/p>\n<p style=\"text-align: right;\"><strong>Traduzione dal francese: Chiara Raffaele<\/strong><\/p>\n<p><\/p>","protected":false},"excerpt":{"rendered":"<p>Il\u00a0Partito dei\u00a0Cittadini\u00a0Europei\u00a0(PACE)\u00a0\u00e8 un partito politico europeo fondato a Bruxelles il 9 maggio 2007 in occasione dei 50 anni del Trattato di Roma. Registrato come un&#8217;associazione internazionale secondo la legge belga (AISBL), il partito \u00e8 pensato per essere presente nell&#8217;insieme dei Paesi membri dell&#8217;Unione europea. I suoi membri sono cittadini e cittadine di qualunque Stato membro [&hellip;]<\/p>\n","protected":false},"author":2,"featured_media":0,"parent":0,"menu_order":0,"comment_status":"closed","ping_status":"closed","template":"","meta":{"footnotes":""},"_links":{"self":[{"href":"https:\/\/www.pace-europe.eu\/it\/wp-json\/wp\/v2\/pages\/63"}],"collection":[{"href":"https:\/\/www.pace-europe.eu\/it\/wp-json\/wp\/v2\/pages"}],"about":[{"href":"https:\/\/www.pace-europe.eu\/it\/wp-json\/wp\/v2\/types\/page"}],"author":[{"embeddable":true,"href":"https:\/\/www.pace-europe.eu\/it\/wp-json\/wp\/v2\/users\/2"}],"replies":[{"embeddable":true,"href":"https:\/\/www.pace-europe.eu\/it\/wp-json\/wp\/v2\/comments?post=63"}],"version-history":[{"count":17,"href":"https:\/\/www.pace-europe.eu\/it\/wp-json\/wp\/v2\/pages\/63\/revisions"}],"predecessor-version":[{"id":757,"href":"https:\/\/www.pace-europe.eu\/it\/wp-json\/wp\/v2\/pages\/63\/revisions\/757"}],"wp:attachment":[{"href":"https:\/\/www.pace-europe.eu\/it\/wp-json\/wp\/v2\/media?parent=63"}],"curies":[{"name":"wp","href":"https:\/\/api.w.org\/{rel}","templated":true}]}}