{"id":266,"date":"2016-02-01T13:42:52","date_gmt":"2016-02-01T12:42:52","guid":{"rendered":"http:\/\/wordpress.pace-europe.eu\/?page_id=266"},"modified":"2016-07-07T10:00:27","modified_gmt":"2016-07-07T08:00:27","slug":"2eme-journee-de-la-citoyennete-europeenne","status":"publish","type":"page","link":"https:\/\/www.pace-europe.eu\/it\/2eme-journee-de-la-citoyennete-europeenne\/","title":{"rendered":"2\u00e8me journ\u00e9e de la citoyennet\u00e9 europ\u00e9enne"},"content":{"rendered":"<p><strong><img loading=\"lazy\" decoding=\"async\" class=\"wp-image-267 aligncenter\" src=\"http:\/\/wordpress.pace-europe.eu\/wp-content\/uploads\/2016\/07\/communiqu\u00e9-2e-journ\u00e9e-citoyennet\u00e9-212x300.jpg\" alt=\"communiqu\u00e9 2e journ\u00e9e citoyennet\u00e9\" width=\"765\" height=\"1083\" srcset=\"https:\/\/www.pace-europe.eu\/wp-content\/uploads\/2016\/07\/communiqu\u00e9-2e-journ\u00e9e-citoyennet\u00e9-212x300.jpg 212w, https:\/\/www.pace-europe.eu\/wp-content\/uploads\/2016\/07\/communiqu\u00e9-2e-journ\u00e9e-citoyennet\u00e9-768x1086.jpg 768w, https:\/\/www.pace-europe.eu\/wp-content\/uploads\/2016\/07\/communiqu\u00e9-2e-journ\u00e9e-citoyennet\u00e9-724x1024.jpg 724w, https:\/\/www.pace-europe.eu\/wp-content\/uploads\/2016\/07\/communiqu\u00e9-2e-journ\u00e9e-citoyennet\u00e9-156x220.jpg 156w, https:\/\/www.pace-europe.eu\/wp-content\/uploads\/2016\/07\/communiqu\u00e9-2e-journ\u00e9e-citoyennet\u00e9.jpg 1240w\" sizes=\"(max-width: 765px) 100vw, 765px\" \/><\/strong><\/p>\n","protected":false},"excerpt":{"rendered":"","protected":false},"author":4,"featured_media":0,"parent":0,"menu_order":0,"comment_status":"closed","ping_status":"closed","template":"","meta":{"footnotes":""},"_links":{"self":[{"href":"https:\/\/www.pace-europe.eu\/it\/wp-json\/wp\/v2\/pages\/266"}],"collection":[{"href":"https:\/\/www.pace-europe.eu\/it\/wp-json\/wp\/v2\/pages"}],"about":[{"href":"https:\/\/www.pace-europe.eu\/it\/wp-json\/wp\/v2\/types\/page"}],"author":[{"embeddable":true,"href":"https:\/\/www.pace-europe.eu\/it\/wp-json\/wp\/v2\/users\/4"}],"replies":[{"embeddable":true,"href":"https:\/\/www.pace-europe.eu\/it\/wp-json\/wp\/v2\/comments?post=266"}],"version-history":[{"count":3,"href":"https:\/\/www.pace-europe.eu\/it\/wp-json\/wp\/v2\/pages\/266\/revisions"}],"predecessor-version":[{"id":374,"href":"https:\/\/www.pace-europe.eu\/it\/wp-json\/wp\/v2\/pages\/266\/revisions\/374"}],"wp:attachment":[{"href":"https:\/\/www.pace-europe.eu\/it\/wp-json\/wp\/v2\/media?parent=266"}],"curies":[{"name":"wp","href":"https:\/\/api.w.org\/{rel}","templated":true}]}}