{"id":233,"date":"2016-06-02T11:06:49","date_gmt":"2016-06-02T09:06:49","guid":{"rendered":"http:\/\/wordpress.pace-europe.eu\/?page_id=233"},"modified":"2016-07-07T10:31:38","modified_gmt":"2016-07-07T08:31:38","slug":"appel-a-la-treve-pour-un-bon-deroulement-de-leuro-2016","status":"publish","type":"page","link":"https:\/\/www.pace-europe.eu\/it\/appel-a-la-treve-pour-un-bon-deroulement-de-leuro-2016\/","title":{"rendered":"Appel \u00e0 la tr\u00eave pour un bon d\u00e9roulement de l&#8217;Euro 2016"},"content":{"rendered":"<p><img loading=\"lazy\" decoding=\"async\" class=\"wp-image-234 aligncenter\" src=\"http:\/\/wordpress.pace-europe.eu\/wp-content\/uploads\/2016\/07\/tr\u00eave-euro-2016-300x251.jpg\" alt=\"tr\u00eave euro 2016\" width=\"523\" height=\"437\" srcset=\"https:\/\/www.pace-europe.eu\/wp-content\/uploads\/2016\/07\/tr\u00eave-euro-2016-300x251.jpg 300w, https:\/\/www.pace-europe.eu\/wp-content\/uploads\/2016\/07\/tr\u00eave-euro-2016-262x220.jpg 262w, https:\/\/www.pace-europe.eu\/wp-content\/uploads\/2016\/07\/tr\u00eave-euro-2016.jpg 940w\" sizes=\"(max-width: 523px) 100vw, 523px\" \/><\/p>\n<p>&nbsp;<\/p>\n<p><img loading=\"lazy\" decoding=\"async\" class=\" wp-image-376 aligncenter\" src=\"http:\/\/wordpress.pace-europe.eu\/wp-content\/uploads\/2016\/07\/communiqu\u00e9_tr\u00eaveEuro-1-page-001-212x300.jpg\" alt=\"communiqu\u00e9_tr\u00eaveEuro (1)-page-001\" width=\"804\" height=\"1138\" srcset=\"https:\/\/www.pace-europe.eu\/wp-content\/uploads\/2016\/07\/communiqu\u00e9_tr\u00eaveEuro-1-page-001-212x300.jpg 212w, https:\/\/www.pace-europe.eu\/wp-content\/uploads\/2016\/07\/communiqu\u00e9_tr\u00eaveEuro-1-page-001-768x1086.jpg 768w, https:\/\/www.pace-europe.eu\/wp-content\/uploads\/2016\/07\/communiqu\u00e9_tr\u00eaveEuro-1-page-001-724x1024.jpg 724w, https:\/\/www.pace-europe.eu\/wp-content\/uploads\/2016\/07\/communiqu\u00e9_tr\u00eaveEuro-1-page-001-156x220.jpg 156w, https:\/\/www.pace-europe.eu\/wp-content\/uploads\/2016\/07\/communiqu\u00e9_tr\u00eaveEuro-1-page-001.jpg 1240w\" sizes=\"(max-width: 804px) 100vw, 804px\" \/><\/p>\n<div class=\"text_exposed_show\"><\/div>\n<p>&nbsp;<\/p>\n","protected":false},"excerpt":{"rendered":"<p>&nbsp; &nbsp;<\/p>\n","protected":false},"author":4,"featured_media":0,"parent":0,"menu_order":0,"comment_status":"closed","ping_status":"closed","template":"","meta":{"footnotes":""},"_links":{"self":[{"href":"https:\/\/www.pace-europe.eu\/it\/wp-json\/wp\/v2\/pages\/233"}],"collection":[{"href":"https:\/\/www.pace-europe.eu\/it\/wp-json\/wp\/v2\/pages"}],"about":[{"href":"https:\/\/www.pace-europe.eu\/it\/wp-json\/wp\/v2\/types\/page"}],"author":[{"embeddable":true,"href":"https:\/\/www.pace-europe.eu\/it\/wp-json\/wp\/v2\/users\/4"}],"replies":[{"embeddable":true,"href":"https:\/\/www.pace-europe.eu\/it\/wp-json\/wp\/v2\/comments?post=233"}],"version-history":[{"count":3,"href":"https:\/\/www.pace-europe.eu\/it\/wp-json\/wp\/v2\/pages\/233\/revisions"}],"predecessor-version":[{"id":378,"href":"https:\/\/www.pace-europe.eu\/it\/wp-json\/wp\/v2\/pages\/233\/revisions\/378"}],"wp:attachment":[{"href":"https:\/\/www.pace-europe.eu\/it\/wp-json\/wp\/v2\/media?parent=233"}],"curies":[{"name":"wp","href":"https:\/\/api.w.org\/{rel}","templated":true}]}}