{"id":201,"date":"2016-06-30T16:16:03","date_gmt":"2016-06-30T14:16:03","guid":{"rendered":"http:\/\/wordpress.pace-europe.eu\/?page_id=201"},"modified":"2016-08-25T16:13:43","modified_gmt":"2016-08-25T14:13:43","slug":"objectifs-initiaux","status":"publish","type":"page","link":"https:\/\/www.pace-europe.eu\/it\/objectifs-initiaux\/","title":{"rendered":"Obiettivi iniziali"},"content":{"rendered":"<p><strong>1 obiettivo strategico<\/strong><\/p>\n<p>Partecipare attivamente, attraverso l&#8217;Unione Europea, alla costruzione di una societ\u00e0 internazionale pi\u00f9 pacifica, pi\u00f9 rispettosa dell&#8217;ambiente, pi\u00f9 prospera, pi\u00f9 giusta sul piano sociale e pi\u00f9 democratica.<\/p>\n<p><strong>Quattro obiettivi principali<\/strong><\/p>\n<p>(per raggiungere l&#8217;obiettivo strategico)<\/p>\n<p>1. Lavorare alla trasformazione dell&#8217;economia di consumo attuale, segnata da uno spreco delle risorse, l&#8217;inquinamento e la precariet\u00e0, in un&#8217;economia competitiva fondata sull&#8217;iniziativa, l&#8217;eco-innovazione e la responsabilizzazione dei cittadini\/consumatori e delle imprese, con l&#8217;obiettivo di promuovere uno sviluppo caratterizzato dall&#8217;equilibrio tra crescita economica, rispetto dell&#8217;ambiente e sicurezza dei percorsi professionali.<\/p>\n<p>2. Lottare per la salvaguardia dell&#8217;ambiente, in particolare per la protezione del mondo animale e la diversit\u00e0 v\u00e9g\u00e9tale.<\/p>\n<p>3. Promuovere l&#8217;approfondimento dell&#8217;integrazione europea, nel rispetto delle identit\u00e0 nazionali, regionali, locali, attraverso un maggiore e migliore coinvolgimento dei cittadini europei e degli attori economico sociali (sindacati, imprese, organizzazioni non governative) nell&#8217;indentificazione dei principali problemi e sfide mondiali e europee e la definizione dell&#8217;interesse generale europeo, cos\u00ec come nella concezione e la valutazione delle politiche pubbliche suscettibili d&#8217;apportare delle soluzioni ai principali problemi identificati.<\/p>\n<p>4. Implicarsi attivamente nello sviluppo economico, culturale e sociale delle regioni pi\u00f9 povere del mondo, nel rispetto dell&#8217;ambiente, appoggiandosi in particolare su gemellaggi operazionali tra collettivit\u00e0 locali europee e collettivit\u00e0 locali dei paesi coinvolti, sui finanziamenti europei.<\/p>\n<p><strong>Altri obiettivi pi\u00f9 specifici<\/strong><\/p>\n<p>Partecipare alla ricerca di giovani talenti appartenenti a dei gruppi sociali sfavoriti e accompagnarli nel loro percorso di riuscita.Contribuire al cambiamento e alla promozione, all&#8217;interno dell&#8217;Europa, di buone pratiche in materia di inclusione di immigrati.Promuovere il principio di laicit\u00e0.Incoraggiare la creazione culturale dei giovani e la sua promozione all&#8217;interno dell&#8217;Unione europea.Impegnarsi per l&#8217;abolizione della pena di morte nel mondo.<\/p>","protected":false},"excerpt":{"rendered":"<p>1 obiettivo strategico Partecipare attivamente, attraverso l&#8217;Unione Europea, alla costruzione di una societ\u00e0 internazionale pi\u00f9 pacifica, pi\u00f9 rispettosa dell&#8217;ambiente, pi\u00f9 prospera, pi\u00f9 giusta sul piano sociale e pi\u00f9 democratica. Quattro obiettivi principali (per raggiungere l&#8217;obiettivo strategico) 1. Lavorare alla trasformazione dell&#8217;economia di consumo attuale, segnata da uno spreco delle risorse, l&#8217;inquinamento e la precariet\u00e0, in [&hellip;]<\/p>\n","protected":false},"author":4,"featured_media":0,"parent":0,"menu_order":0,"comment_status":"closed","ping_status":"closed","template":"","meta":{"footnotes":""},"_links":{"self":[{"href":"https:\/\/www.pace-europe.eu\/it\/wp-json\/wp\/v2\/pages\/201"}],"collection":[{"href":"https:\/\/www.pace-europe.eu\/it\/wp-json\/wp\/v2\/pages"}],"about":[{"href":"https:\/\/www.pace-europe.eu\/it\/wp-json\/wp\/v2\/types\/page"}],"author":[{"embeddable":true,"href":"https:\/\/www.pace-europe.eu\/it\/wp-json\/wp\/v2\/users\/4"}],"replies":[{"embeddable":true,"href":"https:\/\/www.pace-europe.eu\/it\/wp-json\/wp\/v2\/comments?post=201"}],"version-history":[{"count":4,"href":"https:\/\/www.pace-europe.eu\/it\/wp-json\/wp\/v2\/pages\/201\/revisions"}],"predecessor-version":[{"id":674,"href":"https:\/\/www.pace-europe.eu\/it\/wp-json\/wp\/v2\/pages\/201\/revisions\/674"}],"wp:attachment":[{"href":"https:\/\/www.pace-europe.eu\/it\/wp-json\/wp\/v2\/media?parent=201"}],"curies":[{"name":"wp","href":"https:\/\/api.w.org\/{rel}","templated":true}]}}