{"id":1254,"date":"2019-04-03T12:03:52","date_gmt":"2019-04-03T10:03:52","guid":{"rendered":"http:\/\/localhost\/wordpress\/?page_id=1254"},"modified":"2025-06-18T10:40:01","modified_gmt":"2025-06-18T08:40:01","slug":"homepage","status":"publish","type":"page","link":"https:\/\/www.pace-europe.eu\/it\/","title":{"rendered":""},"content":{"rendered":"\n<figure class=\"wp-block-image size-full is-resized\"><img loading=\"lazy\" decoding=\"async\" width=\"1770\" height=\"2560\" src=\"https:\/\/www.pace-europe.eu\/wp-content\/uploads\/2024\/03\/Audric-full-hd-jpg-scaled.jpg\" alt=\"\" class=\"wp-image-1718\" style=\"object-fit:cover;width:152px;height:200px\" srcset=\"https:\/\/www.pace-europe.eu\/wp-content\/uploads\/2024\/03\/Audric-full-hd-jpg-scaled.jpg 1770w, https:\/\/www.pace-europe.eu\/wp-content\/uploads\/2024\/03\/Audric-full-hd-jpg-207x300.jpg 207w, https:\/\/www.pace-europe.eu\/wp-content\/uploads\/2024\/03\/Audric-full-hd-jpg-708x1024.jpg 708w, https:\/\/www.pace-europe.eu\/wp-content\/uploads\/2024\/03\/Audric-full-hd-jpg-768x1111.jpg 768w, https:\/\/www.pace-europe.eu\/wp-content\/uploads\/2024\/03\/Audric-full-hd-jpg-1062x1536.jpg 1062w, https:\/\/www.pace-europe.eu\/wp-content\/uploads\/2024\/03\/Audric-full-hd-jpg-1416x2048.jpg 1416w, https:\/\/www.pace-europe.eu\/wp-content\/uploads\/2024\/03\/Audric-full-hd-jpg-152x220.jpg 152w\" sizes=\"(max-width: 1770px) 100vw, 1770px\" \/><figcaption class=\"wp-element-caption\"> <br><strong>Audric ALEXANDRE<br><\/strong>Pr\u00e9sident <\/figcaption><\/figure>\n\n\n\n<figure class=\"wp-block-image size-full is-resized paddingX60\"><img loading=\"lazy\" decoding=\"async\" width=\"152\" height=\"200\" src=\"https:\/\/www.pace-europe.eu\/wp-content\/uploads\/2019\/04\/philippe-mazuel.jpg\" alt=\"\" class=\"wp-image-1349\" style=\"object-fit:cover;width:152px;height:200px\"\/><figcaption class=\"wp-element-caption\"> <br><strong><strong>Philippe MAZUEL<\/strong><br><\/strong>Vice-pr\u00e9sident et tr\u00e9sorier<\/figcaption><\/figure>\n\n\n\n<figure class=\"wp-block-image size-full is-resized paddingX60\"><img loading=\"lazy\" decoding=\"async\" width=\"1659\" height=\"943\" src=\"https:\/\/www.pace-europe.eu\/wp-content\/uploads\/2025\/06\/image001-1.png\" alt=\"\" class=\"wp-image-1832\" style=\"object-fit:cover;width:152px;height:200px\" srcset=\"https:\/\/www.pace-europe.eu\/wp-content\/uploads\/2025\/06\/image001-1.png 1659w, https:\/\/www.pace-europe.eu\/wp-content\/uploads\/2025\/06\/image001-1-300x171.png 300w, https:\/\/www.pace-europe.eu\/wp-content\/uploads\/2025\/06\/image001-1-1024x582.png 1024w, https:\/\/www.pace-europe.eu\/wp-content\/uploads\/2025\/06\/image001-1-768x437.png 768w, https:\/\/www.pace-europe.eu\/wp-content\/uploads\/2025\/06\/image001-1-1536x873.png 1536w, https:\/\/www.pace-europe.eu\/wp-content\/uploads\/2025\/06\/image001-1-387x220.png 387w\" sizes=\"(max-width: 1659px) 100vw, 1659px\" \/><figcaption class=\"wp-element-caption\"> <br><strong>Armelle Jamin<br><\/strong>Administrateur charg\u00e9e de la communication<\/figcaption><\/figure>\n\n\n\n<figure class=\"wp-block-image size-full is-resized paddingX60\"><img loading=\"lazy\" decoding=\"async\" width=\"1659\" height=\"943\" src=\"https:\/\/www.pace-europe.eu\/wp-content\/uploads\/2025\/06\/image001.png\" alt=\"\" class=\"wp-image-1831\" style=\"object-fit:cover;width:152px;height:200px\" srcset=\"https:\/\/www.pace-europe.eu\/wp-content\/uploads\/2025\/06\/image001.png 1659w, https:\/\/www.pace-europe.eu\/wp-content\/uploads\/2025\/06\/image001-300x171.png 300w, https:\/\/www.pace-europe.eu\/wp-content\/uploads\/2025\/06\/image001-1024x582.png 1024w, https:\/\/www.pace-europe.eu\/wp-content\/uploads\/2025\/06\/image001-768x437.png 768w, https:\/\/www.pace-europe.eu\/wp-content\/uploads\/2025\/06\/image001-1536x873.png 1536w, https:\/\/www.pace-europe.eu\/wp-content\/uploads\/2025\/06\/image001-387x220.png 387w\" sizes=\"(max-width: 1659px) 100vw, 1659px\" \/><figcaption class=\"wp-element-caption\"> <br><strong>Elise Botiveau<br><\/strong>Co-d\u00e9l\u00e9gu\u00e9e g\u00e9n\u00e9rale PACE France <\/figcaption><\/figure>\n\n\n\n<figure class=\"wp-block-image size-full is-resized paddingX60\"><img loading=\"lazy\" decoding=\"async\" width=\"625\" height=\"937\" src=\"https:\/\/www.pace-europe.eu\/wp-content\/uploads\/2024\/04\/619c2d36-11bc-4370-ae4f-6d211e13fd07.jpg\" alt=\"\" class=\"wp-image-1784\" style=\"object-fit:cover;width:152px;height:200px\" srcset=\"https:\/\/www.pace-europe.eu\/wp-content\/uploads\/2024\/04\/619c2d36-11bc-4370-ae4f-6d211e13fd07.jpg 625w, https:\/\/www.pace-europe.eu\/wp-content\/uploads\/2024\/04\/619c2d36-11bc-4370-ae4f-6d211e13fd07-200x300.jpg 200w, https:\/\/www.pace-europe.eu\/wp-content\/uploads\/2024\/04\/619c2d36-11bc-4370-ae4f-6d211e13fd07-147x220.jpg 147w\" sizes=\"(max-width: 625px) 100vw, 625px\" \/><figcaption class=\"wp-element-caption\"> <br><strong>Pierre-Louis Lauzet<\/strong><br>Co-d\u00e9l\u00e9gu\u00e9 g\u00e9n\u00e9ral PACE France<\/figcaption><\/figure>\n","protected":false},"excerpt":{"rendered":"","protected":false},"author":4,"featured_media":0,"parent":0,"menu_order":0,"comment_status":"closed","ping_status":"closed","template":"page-templates\/custom-page.php","meta":{"footnotes":""},"_links":{"self":[{"href":"https:\/\/www.pace-europe.eu\/it\/wp-json\/wp\/v2\/pages\/1254"}],"collection":[{"href":"https:\/\/www.pace-europe.eu\/it\/wp-json\/wp\/v2\/pages"}],"about":[{"href":"https:\/\/www.pace-europe.eu\/it\/wp-json\/wp\/v2\/types\/page"}],"author":[{"embeddable":true,"href":"https:\/\/www.pace-europe.eu\/it\/wp-json\/wp\/v2\/users\/4"}],"replies":[{"embeddable":true,"href":"https:\/\/www.pace-europe.eu\/it\/wp-json\/wp\/v2\/comments?post=1254"}],"version-history":[{"count":85,"href":"https:\/\/www.pace-europe.eu\/it\/wp-json\/wp\/v2\/pages\/1254\/revisions"}],"predecessor-version":[{"id":1836,"href":"https:\/\/www.pace-europe.eu\/it\/wp-json\/wp\/v2\/pages\/1254\/revisions\/1836"}],"wp:attachment":[{"href":"https:\/\/www.pace-europe.eu\/it\/wp-json\/wp\/v2\/media?parent=1254"}],"curies":[{"name":"wp","href":"https:\/\/api.w.org\/{rel}","templated":true}]}}