{"id":71,"date":"2016-06-28T11:31:08","date_gmt":"2016-06-28T10:31:08","guid":{"rendered":"https:\/\/paceeuropeblog.wordpress.com\/?page_id=71"},"modified":"2016-08-25T16:02:23","modified_gmt":"2016-08-25T14:02:23","slug":"ideario","status":"publish","type":"page","link":"https:\/\/www.pace-europe.eu\/es\/ideario\/","title":{"rendered":"Ideas clave"},"content":{"rendered":"<p><\/p>\n<p style=\"text-align: center;\"><strong>1. UNA PROPUESTA FUNDAMENTAL HIST\u00d3RICA: DESARROLLAR UNA COMUNIDAD POL\u00cdTICA EUROPEA REAL Y EFECTIVA REFORZANDO LA DIMENSI\u00d3N POL\u00cdTICA DE LA CIUDADAN\u00cdA EUROPEA.<\/strong><\/p>\n<p><strong>Promover un verdadero debate pol\u00edtico a escala de la Uni\u00f3n Europea.<\/strong><\/p>\n<p>Las decisiones tomadas hoy a nivel europeo tienen un impacto directo y profundo sobre la vida de todos los ciudadanos europeos. \u00c9stos hacen frente a problemas similares cuyas respuestas esencialmente proceden cada vez m\u00e1s de las instancias europeas. Parad\u00f3jicamente, estas cuestiones contin\u00faan siendo discutidas y negociadas principalmente\u00a0 a nivel nacional. La hora ha llegado para todos los ciudadanos europeos para examinar c\u00f3mo, juntos, quieren responder a los desaf\u00edos del siglo XXI, y desarrollar una percepci\u00f3n del inter\u00e9s general europeo.<\/p>\n<p><strong>Presentar a los ciudadanos europeos posiciones pol\u00edticas desarrolladas para el conjunto de la Uni\u00f3n Europea.<\/strong><\/p>\n<p>Favorecer la emergencia de una comunidad pol\u00edtica europea representa un desaf\u00edo real.<\/p>\n<p>M\u00e1s all\u00e1 de una mejor utilizaci\u00f3n de los mecanismos institucionales existentes, hace falta que una serie de posiciones pol\u00edticas comunes se desarrollen desde la base; por la interacci\u00f3n directa de los ciudadanos europeos.<\/p>\n<p>PACE se compromete a tomar posiciones transnacionales y a hacer propuestas pensadas para todos los europeos. Desarrollar\u00e1 sus posiciones a la escucha de sus miembros y con la vocaci\u00f3n de obtener un soporte directo de los ciudadanos a trav\u00e9s de la Uni\u00f3n.<\/p>\n<p><strong>Una necesidad que no puede esperar m\u00e1s : exigir una responsabilidad (\u00abaccountability\u00bb) democr\u00e1tica aumentada y directa de las instituciones y de los responsables europeos<\/strong><\/p>\n<p>La falta de democracia en las tomas de decisiones de la Uni\u00f3n Europea conduce a una crisis verdadera de legitimidad. PACE se compromete no s\u00f3lo en presentarles a los ciudadanos, de modo claro y legible, las principales acciones y las decisiones europeas, sino que tambi\u00e9n en representarlas para exigir a las autoridades europeas que ejerzan plenamente sus responsabilidades pol\u00edticas.<\/p>\n<p><strong>Familiarizar la opini\u00f3n p\u00fablica europea con su contexto pol\u00edtico<\/strong><\/p>\n<p>Para que el ciudadano europeo pueda efectivamente apropiarse las instituciones europeas y juzgar su funcionamiento, como lo hace con sus instituciones y gobiernos nacionales, un enorme esfuerzo de pedagog\u00eda y de familiarizaci\u00f3n con el funcionamiento de la Uni\u00f3n Europea queda por hacer. PACE se compromete en contribuir con este objetivo por medio de su red europea y animar a las autoridades de la Uni\u00f3n Europea y de los Estados miembros que multiplican sus acciones en este sentido.<\/p>\n<p style=\"text-align: center;\"><strong>2. UNA ESTRUCTURA DE PARTIDO ORIGINAL CON VALORES S\u00d3LIDOS PARA LA VIDA P\u00daBLICA<\/strong><\/p>\n<p><strong>Un partido con una identidad fuerte europea<\/strong><\/p>\n<p>Los miembros de PACE provienen de todos los pa\u00edses de la Uni\u00f3n Europea y deliberan de modo horizontal, sin distinci\u00f3n de nacionalidad. Constituyen as\u00ed un laboratorio de la identidad pol\u00edtica europea.<\/p>\n<p><strong>Una toma de decisiones completamente europeizada<\/strong><\/p>\n<p><strong>Transparencia total en el funcionamiento y la financiaci\u00f3n del partido<\/strong><\/p>\n<p>PACE se compromete en funcionar de modo transparente, particularmente a trav\u00e9s de la apertura de sus principales reuniones a observadores, su puesta en l\u00ednea y el env\u00edo de sus actas. La financiaci\u00f3n de PACE hoy es asegurada \u00fanicamente por las cuotas y las donaciones de sus miembros. Las cuentas certificadas son puestas a disposici\u00f3n del p\u00fablico.<\/p>\n<p><strong>Un c\u00f3digo \u00e9tico interno riguroso<\/strong><\/p>\n<p>La falta de \u00e9tica de los dirigentes, y en particular su relacion con el dinero, es a menudo percibido por numerosos ciudadanos como una plaga de la vida pol\u00edtica. Conscientes del da\u00f1o que esta falta de rigor moral provoca en la opini\u00f3n p\u00fablica, PACE piensa poner la \u00e9tica en el centro mismo de su acci\u00f3n.<\/p>\n<p style=\"text-align: center;\"><strong>3. UN POSICIONAMIENTO IDEOL\u00d3GICO INNOVADOR, REALISTA Y PRAGM\u00c1TICO, QUE RESPONDE A LOS SENTIMIENTOS DE UNA MAYOR\u00cdA DE EUROPEOS<\/strong><\/p>\n<p><strong>Evitar las diferencias nacionales y simplistas derecha-izquierda<\/strong><\/p>\n<p><strong>Defender sin ambig\u00fcedad una econom\u00eda social de mercado<\/strong><\/p>\n<p>Una econom\u00eda social de mercado es una econom\u00eda libre, no administrada, en el que corresponde un lugar central al hombre y al equilibrio social.<\/p>\n<p>El sector privado, en particular las peque\u00f1as y medianas empresas, es el motor principal de la creaci\u00f3n de riqueza en la Uni\u00f3n Europea. Pol\u00edticas que animan y recompensan la innovaci\u00f3n y la competitividad en un mercado mundial son una prioridad.<\/p>\n<p>Un alto nivel de protecci\u00f3n social y una verdadera solidaridad con los m\u00e1s desfavorecidos\u00a0 caracterizan el modelo europeo. Para garantizar la preservaci\u00f3n y el desarrollo de este modelo, es necesario desarrollar pol\u00edticas que colocan al hombre en el centro de la actividad econ\u00f3mica defendiendo muy particularmente los sistemas educativos y garantizando el acceso universal a los servicios de salud.<\/p>\n<p><strong>Promover una gobernanza econ\u00f3mica europea democr\u00e1tica y poner al sector financiero al servicio de la econom\u00eda real y de la sociedad<\/strong><\/p>\n<p>En el contexto actual, hay que orientarse hacia una reflexi\u00f3n valiente y responsable sobre la gobernanza econ\u00f3mica de la Uni\u00f3n Europea, en contraste con las l\u00f3gicas de improvisaci\u00f3n que han prevalecido en la toma de decisiones desde la adopci\u00f3n del euro. Conviene, adem\u00e1s, reafirmar y organizar la subordinaci\u00f3n de la esfera financiera a la econom\u00eda efectiva.<\/p>\n<p><strong>Hacer el desarrollo sostenible una realidad<\/strong><\/p>\n<p>La pol\u00edtica econ\u00f3mica de Europa debe servir para su desarrollo econ\u00f3mico y social en una perspectiva de durabilidad, de equilibrio y de respeto del entorno. Hay que anticipar las crisis clim\u00e1ticas y energ\u00e9ticas que vienen dedicando un plan de est\u00edmulo econ\u00f3mico europeo a los empleos \u00abverdes\u00bb y a la transici\u00f3n de las energ\u00edas f\u00f3siles hacia energ\u00edas renovables. PACE piensa hacer del objetivo ecol\u00f3gico uno de los motores del crecimiento econ\u00f3mico en Europa, uno de los medios concretos a promover en una econom\u00eda de funcionalidades.<\/p>\n<p><strong>Impulsar el avance de la construcci\u00f3n europea a partir de los pa\u00edses que lo desean<\/strong><\/p>\n<p>El esc\u00e9ario de una Uni\u00f3n a varias velocidades ya es una realidad (zona euro, espacio\u00a0 Schengen). Conviene ahora encontrar f\u00f3rmulas que permitan a los Estados miembros de la UE que lo deseen avanzar m\u00e1s r\u00e1pidamente en la integraci\u00f3n, particularmente en materia de pol\u00edticas econ\u00f3micas, educativas y culturales.<\/p>\n<p><strong>Garantizar y desarrollar las libertades p\u00fablicas y los derechos civiles y pol\u00edticos en toda la Uni\u00f3n Europea<\/strong><\/p>\n<p>Europa es un espacio en el cual cada ciudadano debe poder desarrollar su singularidad, en el respeto de los valores mencionados en el art\u00edculo 2 del tratado sobre la Uni\u00f3n Europea: \u00bb la Uni\u00f3n est\u00e1 fundada sobre los valores del respeto de la dignidad humana, de la libertad, de la democracia, de la igualdad, del Estado de derecho, as\u00ed como del respeto de los derechos humanos, incluidos los derechos de las minor\u00edas. Estos valores son comunes a los Estados miembros en una sociedad caracterizada por el pluralismo, la no discriminaci\u00f3n, la tolerancia, la justicia, la solidaridad y la igualdad entre las mujeres y los hombres \u00ab.<\/p>\n<p><strong>Promover eficazmente la paz, la democracia y los derechos humanos en el mundo como imperativos estrat\u00e9gicos y \u00e9ticos como base de la identidad europea<\/strong><\/p>\n<p>La pol\u00edtica exterior y de seguridad de la Uni\u00f3n europea, en construcci\u00f3n, todav\u00eda no ha consiguido por ahora aportar una contribuci\u00f3n notable a la estabilidad internacional, ni promover de modo efectivo los derechos humanos y la democracia en el mundo. En un contexto donde el peso relativo de la Uni\u00f3n se reduce, la sinerg\u00eda entre estos dos objetivos es cada vez m\u00e1s dif\u00edcil de realizar, aunque sea imperiosamente necesaria. Duplicidad de sistemas, enorme despilfarro de recursos, conflictos de intereses nacionales, incapacidad\u00a0 de reacci\u00f3n, obst\u00e1culos burocr\u00e1ticos, falta de un liderazgo claro son algunos de los desaf\u00edos a superar.<\/p>\n<p style=\"text-align: right;\">Texto adoptado por la Asamblea general ordinaria de PACE, en Bruselas, el 9 de junio de 2012<\/p>\n<p><\/p>","protected":false},"excerpt":{"rendered":"<p>1. UNA PROPUESTA FUNDAMENTAL HIST\u00d3RICA: DESARROLLAR UNA COMUNIDAD POL\u00cdTICA EUROPEA REAL Y EFECTIVA REFORZANDO LA DIMENSI\u00d3N POL\u00cdTICA DE LA CIUDADAN\u00cdA EUROPEA. Promover un verdadero debate pol\u00edtico a escala de la Uni\u00f3n Europea. Las decisiones tomadas hoy a nivel europeo tienen un impacto directo y profundo sobre la vida de todos los ciudadanos europeos. \u00c9stos hacen [&hellip;]<\/p>\n","protected":false},"author":2,"featured_media":0,"parent":0,"menu_order":0,"comment_status":"closed","ping_status":"closed","template":"","meta":{"footnotes":""},"_links":{"self":[{"href":"https:\/\/www.pace-europe.eu\/es\/wp-json\/wp\/v2\/pages\/71"}],"collection":[{"href":"https:\/\/www.pace-europe.eu\/es\/wp-json\/wp\/v2\/pages"}],"about":[{"href":"https:\/\/www.pace-europe.eu\/es\/wp-json\/wp\/v2\/types\/page"}],"author":[{"embeddable":true,"href":"https:\/\/www.pace-europe.eu\/es\/wp-json\/wp\/v2\/users\/2"}],"replies":[{"embeddable":true,"href":"https:\/\/www.pace-europe.eu\/es\/wp-json\/wp\/v2\/comments?post=71"}],"version-history":[{"count":3,"href":"https:\/\/www.pace-europe.eu\/es\/wp-json\/wp\/v2\/pages\/71\/revisions"}],"predecessor-version":[{"id":673,"href":"https:\/\/www.pace-europe.eu\/es\/wp-json\/wp\/v2\/pages\/71\/revisions\/673"}],"wp:attachment":[{"href":"https:\/\/www.pace-europe.eu\/es\/wp-json\/wp\/v2\/media?parent=71"}],"curies":[{"name":"wp","href":"https:\/\/api.w.org\/{rel}","templated":true}]}}