{"id":63,"date":"2016-06-28T11:18:43","date_gmt":"2016-06-28T10:18:43","guid":{"rendered":"https:\/\/paceeuropeblog.wordpress.com\/?page_id=62"},"modified":"2016-09-07T11:02:35","modified_gmt":"2016-09-07T09:02:35","slug":"a-propos-2","status":"publish","type":"page","link":"https:\/\/www.pace-europe.eu\/es\/a-propos-2\/","title":{"rendered":"\u00bfQui\u00e9nes somos ?"},"content":{"rendered":"<p><img loading=\"lazy\" decoding=\"async\" class=\" size-full wp-image-2 aligncenter\" src=\"http:\/\/wordpress.pace-europe.eu\/wp-content\/uploads\/2016\/06\/cffa06aa-7cda-4a70-8ca9-8313fdae6a74.png\" alt=\"cffa06aa-7cda-4a70-8ca9-8313fdae6a74\" width=\"260\" height=\"145\" \/><\/p>\n<p style=\"text-align: justify;\">El <strong><span style=\"color: #99cc00;\">P<span style=\"color: #000000;\">a<\/span><span style=\"color: #000000;\">rtido de los\u00a0<\/span><span style=\"color: #3366ff;\">Ciudadanos<\/span><\/span><span style=\"color: #3366ff;\">\u00a0Europeos<\/span><\/strong>\u00a0(<strong><span style=\"color: #99cc00;\">P<\/span><span style=\"color: #000000;\">A<\/span><span style=\"color: #3366ff;\">CE<\/span><\/strong>) <strong>naci\u00f3<\/strong> para el 50 aniversario del tratado de Roma <strong>el 9 de mayo 2007 en Bruselas<\/strong>. <strong><span style=\"color: #99cc00;\">P<\/span><span style=\"color: #000000;\">A<\/span><span style=\"color: #3366ff;\">CE\u00a0<\/span><\/strong>se caracteriza como un <strong>partido pol\u00edtico paneuropeo<\/strong>. El partido fue registrado en Bruselas como una asociaci\u00f3n internacional de derecho belga (AISBL). La vocaci\u00f3n de <strong><span style=\"color: #99cc00;\">P<\/span><span style=\"color: #000000;\">A<\/span><span style=\"color: #3366ff;\">CE\u00a0<\/span><\/strong>es de tener un peso pol\u00edtico en todos los pa\u00edses de la Uni\u00f3n Europea.<\/p>\n<p style=\"text-align: justify;\">Los miembros de <strong><span style=\"color: #99cc00;\">P<\/span><span style=\"color: #000000;\">A<\/span><span style=\"color: #3366ff;\">CE\u00a0<\/span><\/strong>pertenecen a pa\u00edses de la Uni\u00f3n Europea o a pa\u00edses exteriores de la Uni\u00f3n pero tienen valores comunes sobre la Uni\u00f3n Europea y <strong><span style=\"color: #99cc00;\">P<\/span><span style=\"color: #000000;\">A<\/span><span style=\"color: #3366ff;\">CE<\/span><\/strong>.<\/p>\n<p style=\"text-align: justify;\">Actualmente <strong><span style=\"color: #99cc00;\">P<\/span><span style=\"color: #000000;\">A<\/span><span style=\"color: #3366ff;\">CE\u00a0<\/span><\/strong>tiene una actividad pol\u00edtica en Francia, Alemania, Inglaterra, B\u00e9lgica y Rumania.<\/p>\n<p style=\"text-align: center;\"><strong>La ciudadan\u00eda coraz\u00f3n del proyecto europeo<\/strong><\/p>\n<p style=\"text-align: justify;\">La idea fundamental de <strong><span style=\"color: #99cc00;\">P<\/span><span style=\"color: #000000;\">A<\/span><span style=\"color: #3366ff;\">CE\u00a0<\/span><\/strong>viene de su visi\u00f3n sobre la construcci\u00f3n europea. <strong>El partido desarrolla una construcci\u00f3n vinculada directamente por los ciudadanos europeos. \u00c9stos deben apropiarse las nuevas etapas del proyecto europeo.<\/strong><\/p>\n<p style=\"text-align: justify;\">Las opiniones europeas deben organizarse a dentro de un espacio pol\u00edtico europeo. Es para llegar a este ideal que se cre\u00f3 <strong><span style=\"color: #99cc00;\">P<\/span><span style=\"color: #000000;\">A<\/span><span style=\"color: #3366ff;\">CE<\/span><\/strong>. El partido se caracteriza como un \u201c<strong>movimiento ambientalista y social de nivel europeo<\/strong>\u00bb\u00a0que lleva como siglo \u201c<strong><span style=\"color: #99cc00;\">P<\/span><span style=\"color: #000000;\">A<\/span><span style=\"color: #3366ff;\">CE<\/span><\/strong>\u201d, hace referencia al proyecto de paz que los Padres Fundadores quisieron dar al proyecto europeo.<\/p>\n<p style=\"text-align: center;\"><strong>Creaci\u00f3n de un Estado federal<\/strong><\/p>\n<p style=\"text-align: justify;\"><strong><span style=\"color: #99cc00;\">P<\/span><span style=\"color: #000000;\">A<\/span><span style=\"color: #3366ff;\">CE\u00a0<\/span><\/strong>con su proyecto busca la <strong>creaci\u00f3n de un Estado federal europeo\u00a0&#8211; <span style=\"color: #99cc00;\">la Re<\/span><span style=\"color: #000000;\">pubblica<\/span>\u00a0<span style=\"color: #3366ff;\">europea<\/span>\u00a0&#8211;<\/strong> con los Estados que quieren unirse en varios \u00e1mbitos : con una Uni\u00f3n Europea social, una Uni\u00f3n Europea fiscal, una Uni\u00f3n Europea de la defensa, una Uni\u00f3n europea de la energ\u00eda y sobre todo una Uni\u00f3n Europea pol\u00edtica y democr\u00e1tica.<\/p>\n<p style=\"text-align: center;\"><strong>Pol\u00edticas<\/strong><\/p>\n<p><strong><span style=\"color: #99cc00;\">P<\/span><span style=\"color: #000000;\">A<\/span><span style=\"color: #3366ff;\">CE\u00a0<\/span><\/strong>se define como un <strong>movimiento ecol\u00f3gico, social y que promueve la equi-econom\u00eda<\/strong>.<\/p>\n<p style=\"text-align: justify;\"><strong>Movimiento ecol\u00f3gico<\/strong>: <strong><span style=\"color: #99cc00;\">P<\/span><span style=\"color: #000000;\">A<\/span><span style=\"color: #3366ff;\">CE\u00a0<\/span><\/strong>cree que los retos ambientales se caracteriza como el mayor desaf\u00edo de nuestra generaci\u00f3n. El cambio clim\u00e1tico, la calidad de la atm\u00f3sfera, la calidad del agua, la preservaci\u00f3n de la biodiversidad y otros desaf\u00edos suelen definir el futuro de la Humanidad y la sostenibilidad de nuestro modo de vida. La Uni\u00f3n Europea sin embargo puede al nivel mundial llevar con fuerzas proposiciones que responden a todos los desaf\u00edos.<\/p>\n<p style=\"text-align: justify;\"><strong>Movimiento social<\/strong>: para <strong><span style=\"color: #99cc00;\">P<\/span><span style=\"color: #000000;\">A<\/span><span style=\"color: #3366ff;\">CE\u00a0<\/span><\/strong>, el continente europeo debe de guardar su modelo social que hace su particularidad, su cohesi\u00f3n y su capacidad de atracci\u00f3n. Los principios de solidaridad y de justicia deben guiar la Uni\u00f3n Europea en su acci\u00f3n. Mientras que el modelo social europeo es amenazado, la Uni\u00f3n debe protegerlo y perpetuarlo.<\/p>\n<p style=\"text-align: justify;\"><strong>Movimiento liberal<\/strong>: porque la creatividad de todos, que sea art\u00edstica o econ\u00f3mica, debe ser libre, animada y facilitada. Se trata tambi\u00e9n de un liberalismo de sociedad.<\/p>\n<p style=\"text-align: justify;\"><strong>Movimiento que promueve una econom\u00eda equitativa<\/strong>, la equi-econom\u00eda, es decir la econom\u00eda m\u00e1s equilibrada y creativa, porque la innovaci\u00f3n, que sea tecnol\u00f3gica o econ\u00f3mica, debe de ser facilitada y apoyada.<\/p>\n<p style=\"text-align: center;\"><strong>Multiling\u00fcismo<\/strong><\/p>\n<p style=\"text-align: justify;\">Una caracter\u00edstica esencial de <strong><span style=\"color: #99cc00;\">P<\/span><span style=\"color: #000000;\">A<\/span><span style=\"color: #3366ff;\">CE\u00a0<\/span><\/strong>es el <strong>multiling\u00fcismo<\/strong>. <strong><span style=\"color: #99cc00;\">P<\/span><span style=\"color: #000000;\">A<\/span><span style=\"color: #3366ff;\">CE\u00a0<\/span><\/strong>respeta cada una de las 24 lenguas oficiales de la Uni\u00f3n (B\u00falgaro, checo, dan\u00e9s, alem\u00e1n, estonio, griego, Ingl\u00e9s, espa\u00f1ol, franc\u00e9s, ga\u00e9lico, croata, italiano, let\u00f3n, lituano, h\u00fangaro, malt\u00e9s, neerland\u00e9s, polaco, portugu\u00e9s, rumano, eslovaco, esloveno, fin\u00e9s, sueco) y se esfuerza por trabajar y comunicarse en el mayor n\u00famero de idiomas posibles, incluyendo los tres idiomas de trabajo (ingl\u00e9s, alem\u00e1n y franc\u00e9s). Esta voluntad idiom\u00e1tica es para hacerse entender de la mayor\u00eda de los ciudadanos y para prevenir el rechazo que causar\u00eda entre los ciudadanos el uso de un idioma desconocido.<\/p>\n<p style=\"text-align: right;\"><strong>Traducido del franc\u00e9s por Tristan Tottet<\/strong><\/p>\n<p>&nbsp;<\/p>","protected":false},"excerpt":{"rendered":"<p>El Partido de los\u00a0Ciudadanos\u00a0Europeos\u00a0(PACE) naci\u00f3 para el 50 aniversario del tratado de Roma el 9 de mayo 2007 en Bruselas. PACE\u00a0se caracteriza como un partido pol\u00edtico paneuropeo. El partido fue registrado en Bruselas como una asociaci\u00f3n internacional de derecho belga (AISBL). La vocaci\u00f3n de PACE\u00a0es de tener un peso pol\u00edtico en todos los pa\u00edses de [&hellip;]<\/p>\n","protected":false},"author":2,"featured_media":0,"parent":0,"menu_order":0,"comment_status":"closed","ping_status":"closed","template":"","meta":{"footnotes":""},"_links":{"self":[{"href":"https:\/\/www.pace-europe.eu\/es\/wp-json\/wp\/v2\/pages\/63"}],"collection":[{"href":"https:\/\/www.pace-europe.eu\/es\/wp-json\/wp\/v2\/pages"}],"about":[{"href":"https:\/\/www.pace-europe.eu\/es\/wp-json\/wp\/v2\/types\/page"}],"author":[{"embeddable":true,"href":"https:\/\/www.pace-europe.eu\/es\/wp-json\/wp\/v2\/users\/2"}],"replies":[{"embeddable":true,"href":"https:\/\/www.pace-europe.eu\/es\/wp-json\/wp\/v2\/comments?post=63"}],"version-history":[{"count":17,"href":"https:\/\/www.pace-europe.eu\/es\/wp-json\/wp\/v2\/pages\/63\/revisions"}],"predecessor-version":[{"id":757,"href":"https:\/\/www.pace-europe.eu\/es\/wp-json\/wp\/v2\/pages\/63\/revisions\/757"}],"wp:attachment":[{"href":"https:\/\/www.pace-europe.eu\/es\/wp-json\/wp\/v2\/media?parent=63"}],"curies":[{"name":"wp","href":"https:\/\/api.w.org\/{rel}","templated":true}]}}