{"id":499,"date":"2016-07-22T12:45:54","date_gmt":"2016-07-22T10:45:54","guid":{"rendered":"http:\/\/wordpress.pace-europe.eu\/?page_id=499"},"modified":"2016-09-08T19:07:26","modified_gmt":"2016-09-08T17:07:26","slug":"journees-thematiques","status":"publish","type":"page","link":"https:\/\/www.pace-europe.eu\/es\/journees-thematiques\/","title":{"rendered":"Jornadas tem\u00e1ticas"},"content":{"rendered":"<p><\/p>\n<h2 style=\"text-align: center;\"><span style=\"text-decoration: underline;\">Primera jornada tem\u00e1tica sobre renovaci\u00f3n de la vida p\u00fablica \u2013 C\u00e9reste, 16 julio 2016<\/span><\/h2>\n<p>La primera jornada tem\u00e1tica sobre\u00a0 la renovaci\u00f3n de la vida p\u00fablica ha tenido lugar en C\u00e9reste el s\u00e1bado 16 de julio 2016.<\/p>\n<p>Aqu\u00ed tienen el programa del candidato Philippe Mazuel sobre la renovaci\u00f3n de la vida publica:<\/p>\n<ul>\n<li><strong>Creaci\u00f3n de un Senado ciudadano<\/strong>: los Senadores ser\u00e1n ciudadanos elegidos por sorteo y representantes de las fuerzas activas de la sociedad, (en sustituci\u00f3n del Consejo econ\u00f3mico y social, el cual sera suprimido).<\/li>\n<li><strong>Creaci\u00f3n de una cuota de j\u00f3venes<\/strong> en cada proceso electoral: el 30% de los candidatos deber\u00e1n de tener menos de 40 a\u00f1os.<\/li>\n<li><strong>Reconocimiento del voto en blanco:<\/strong> si el voto en blanco resulta mayoritatio, puede invalidar el resultado de las elecciones.<\/li>\n<li><strong>Prohibici\u00f3n de la accumulaci\u00f3n de mandatos<\/strong> en el espacio y en el tiempo (un s\u00f3lo mandato a la vez, no m\u00e1s de dos mandatos consecutivos).\u00a0Adem\u00e1s, en el caso de abandono durante un mandato para evitar la acumulaci\u00f3n de \u00e9stos, no ser\u00e1 posible aumentar otro mandato para compensar la remuneraci\u00f3n \u201cperdida\u201d.<\/li>\n<li><strong>Prohibici\u00f3n de recrutar un miembro de su familia cercana<\/strong> como colaborador parlamentario o miembro del proprio gabinete.<\/li>\n<\/ul>\n<p>Las pr\u00f3ximas jornadas tem\u00e1ticas (medio ambiente y sostenibilidad, Europa social, rebalance de los territorios&#8230;) tendr\u00e1n lugar de septiembre a diciembre. Os transmitiremos el programa pr\u00f3ximamente.<\/p>\n<p>Pulse <span style=\"color: #0000ff;\"><a style=\"color: #0000ff;\" href=\"https:\/\/laprimaire.org\/candidat\/8916432048\">aqu\u00ed<\/a><\/span> para apoyar la candidatura de Philippe Mazuel.<\/p>\n<p>Para descubrir la totalidad del programa, consulten el <span style=\"color: #0000ff;\"><a style=\"color: #0000ff;\" href=\"https:\/\/mazuel2017.fr\/\">blog<\/a><\/span> de Philippe Mazuel.<\/p>\n<p><img loading=\"lazy\" decoding=\"async\" class=\"wp-image-500 aligncenter\" src=\"http:\/\/wordpress.pace-europe.eu\/wp-content\/uploads\/2016\/07\/Collage-300x300.jpg\" alt=\"Collage\" width=\"491\" height=\"491\" srcset=\"https:\/\/www.pace-europe.eu\/wp-content\/uploads\/2016\/07\/Collage-300x300.jpg 300w, https:\/\/www.pace-europe.eu\/wp-content\/uploads\/2016\/07\/Collage-150x150.jpg 150w, https:\/\/www.pace-europe.eu\/wp-content\/uploads\/2016\/07\/Collage-768x768.jpg 768w, https:\/\/www.pace-europe.eu\/wp-content\/uploads\/2016\/07\/Collage-90x90.jpg 90w, https:\/\/www.pace-europe.eu\/wp-content\/uploads\/2016\/07\/Collage-220x220.jpg 220w, https:\/\/www.pace-europe.eu\/wp-content\/uploads\/2016\/07\/Collage.jpg 800w\" sizes=\"(max-width: 491px) 100vw, 491px\" \/><\/p>\n<p style=\"text-align: right;\"><strong>Traducci\u00f3n del franc\u00e9s: Chiara Raffaele<\/strong><\/p>\n<p><\/p>","protected":false},"excerpt":{"rendered":"<p>Primera jornada tem\u00e1tica sobre renovaci\u00f3n de la vida p\u00fablica \u2013 C\u00e9reste, 16 julio 2016 La primera jornada tem\u00e1tica sobre\u00a0 la renovaci\u00f3n de la vida p\u00fablica ha tenido lugar en C\u00e9reste el s\u00e1bado 16 de julio 2016. Aqu\u00ed tienen el programa del candidato Philippe Mazuel sobre la renovaci\u00f3n de la vida publica: Creaci\u00f3n de un Senado [&hellip;]<\/p>\n","protected":false},"author":4,"featured_media":0,"parent":0,"menu_order":0,"comment_status":"closed","ping_status":"closed","template":"","meta":{"footnotes":""},"_links":{"self":[{"href":"https:\/\/www.pace-europe.eu\/es\/wp-json\/wp\/v2\/pages\/499"}],"collection":[{"href":"https:\/\/www.pace-europe.eu\/es\/wp-json\/wp\/v2\/pages"}],"about":[{"href":"https:\/\/www.pace-europe.eu\/es\/wp-json\/wp\/v2\/types\/page"}],"author":[{"embeddable":true,"href":"https:\/\/www.pace-europe.eu\/es\/wp-json\/wp\/v2\/users\/4"}],"replies":[{"embeddable":true,"href":"https:\/\/www.pace-europe.eu\/es\/wp-json\/wp\/v2\/comments?post=499"}],"version-history":[{"count":11,"href":"https:\/\/www.pace-europe.eu\/es\/wp-json\/wp\/v2\/pages\/499\/revisions"}],"predecessor-version":[{"id":835,"href":"https:\/\/www.pace-europe.eu\/es\/wp-json\/wp\/v2\/pages\/499\/revisions\/835"}],"wp:attachment":[{"href":"https:\/\/www.pace-europe.eu\/es\/wp-json\/wp\/v2\/media?parent=499"}],"curies":[{"name":"wp","href":"https:\/\/api.w.org\/{rel}","templated":true}]}}