{"id":204,"date":"2016-06-30T16:18:51","date_gmt":"2016-06-30T14:18:51","guid":{"rendered":"http:\/\/wordpress.pace-europe.eu\/?page_id=204"},"modified":"2016-09-03T12:14:36","modified_gmt":"2016-09-03T10:14:36","slug":"donne-une-voix-a-leurope","status":"publish","type":"page","link":"https:\/\/www.pace-europe.eu\/es\/donne-une-voix-a-leurope\/","title":{"rendered":"Dale voz a Europa"},"content":{"rendered":"<p><img loading=\"lazy\" decoding=\"async\" class=\" wp-image-464 aligncenter\" src=\"http:\/\/wordpress.pace-europe.eu\/wp-content\/uploads\/2016\/06\/1546128_1409696362603038_1743239589_n-2-300x266.jpg\" alt=\"1546128_1409696362603038_1743239589_n\" width=\"381\" height=\"338\" srcset=\"https:\/\/www.pace-europe.eu\/wp-content\/uploads\/2016\/06\/1546128_1409696362603038_1743239589_n-2-300x266.jpg 300w, https:\/\/www.pace-europe.eu\/wp-content\/uploads\/2016\/06\/1546128_1409696362603038_1743239589_n-2-768x682.jpg 768w, https:\/\/www.pace-europe.eu\/wp-content\/uploads\/2016\/06\/1546128_1409696362603038_1743239589_n-2-248x220.jpg 248w, https:\/\/www.pace-europe.eu\/wp-content\/uploads\/2016\/06\/1546128_1409696362603038_1743239589_n-2.jpg 960w\" sizes=\"(max-width: 381px) 100vw, 381px\" \/><\/p>\n<p>En el marco de las elecciones europeas del 25 de mayo 2014, PACE ha publicado el primer numero de su revista Dale voz a Europa. Su editorial est\u00e1 firmado por Guy VERHOFSTADT, candidato a la presidencia de la Comisi\u00f3n europea. <a href=\"http:\/\/fr.calameo.com\/read\/00338473355ee79d6d463\">Aqu\u00ed<\/a> tienen libre acesso a la revista en su versi\u00f3n PDF interactiva.<br \/>\nTambi\u00e9n pueden ordenar una version en papel, en formato 11&#215;18, por 7\u20ac m\u00e1s empaquetado y gastos de env\u00edo (9,95 \u20ac en Francia), o solicitar el PDF gratuito, escribiendo a contact@localhost<\/p>\n<p style=\"text-align: right;\"><strong>Traducci\u00f3n del franc\u00e9s: Chiara Raffaele<\/strong><\/p>\n<p><\/p>","protected":false},"excerpt":{"rendered":"<p>En el marco de las elecciones europeas del 25 de mayo 2014, PACE ha publicado el primer numero de su revista Dale voz a Europa. Su editorial est\u00e1 firmado por Guy VERHOFSTADT, candidato a la presidencia de la Comisi\u00f3n europea. Aqu\u00ed tienen libre acesso a la revista en su versi\u00f3n PDF interactiva. Tambi\u00e9n pueden ordenar [&hellip;]<\/p>\n","protected":false},"author":4,"featured_media":0,"parent":0,"menu_order":0,"comment_status":"closed","ping_status":"closed","template":"","meta":{"footnotes":""},"_links":{"self":[{"href":"https:\/\/www.pace-europe.eu\/es\/wp-json\/wp\/v2\/pages\/204"}],"collection":[{"href":"https:\/\/www.pace-europe.eu\/es\/wp-json\/wp\/v2\/pages"}],"about":[{"href":"https:\/\/www.pace-europe.eu\/es\/wp-json\/wp\/v2\/types\/page"}],"author":[{"embeddable":true,"href":"https:\/\/www.pace-europe.eu\/es\/wp-json\/wp\/v2\/users\/4"}],"replies":[{"embeddable":true,"href":"https:\/\/www.pace-europe.eu\/es\/wp-json\/wp\/v2\/comments?post=204"}],"version-history":[{"count":13,"href":"https:\/\/www.pace-europe.eu\/es\/wp-json\/wp\/v2\/pages\/204\/revisions"}],"predecessor-version":[{"id":790,"href":"https:\/\/www.pace-europe.eu\/es\/wp-json\/wp\/v2\/pages\/204\/revisions\/790"}],"wp:attachment":[{"href":"https:\/\/www.pace-europe.eu\/es\/wp-json\/wp\/v2\/media?parent=204"}],"curies":[{"name":"wp","href":"https:\/\/api.w.org\/{rel}","templated":true}]}}