{"id":201,"date":"2016-06-30T16:16:03","date_gmt":"2016-06-30T14:16:03","guid":{"rendered":"http:\/\/wordpress.pace-europe.eu\/?page_id=201"},"modified":"2016-08-25T16:13:43","modified_gmt":"2016-08-25T14:13:43","slug":"objectifs-initiaux","status":"publish","type":"page","link":"https:\/\/www.pace-europe.eu\/es\/objectifs-initiaux\/","title":{"rendered":"Objetivos iniciales"},"content":{"rendered":"<p><strong>1 objetivo estrat\u00e9gico<\/strong><\/p>\n<p>Participar activamente, a trav\u00e9s de la Uni\u00f3n Europea, a la construcci\u00f3n de una sociedad internacional m\u00e1s pac\u00edfica, m\u00e1s respetuosa del medio ambiente, m\u00e1s pr\u00f3spera, m\u00e1s justa a nivel social, y m\u00e1s democr\u00e1tica.<\/p>\n<p><strong>4 objetivos mayores<\/strong><\/p>\n<p>(para alcanzar el objetivo estrat\u00e9gico)<\/p>\n<p>1. Obrar a favor de la transformaci\u00f3n de la econom\u00eda de consumu actual, caracterizada por un gasto de los recursos, contaminaci\u00f3n y precaridad, en una econom\u00eda de competencia fundada sobre la iniciativa, la eco-innovaci\u00f3n y la responsabilidad de los ciudadanos \/ consumidores y empresas, para promover un desarrollo caracterizado por un equilibrio entre el crecimiento econ\u00f3mico, el respeto del medio ambiente y la seguridad de la carreras profesionales.<\/p>\n<p>2. Luchar por la protecci\u00f3n del medio ambiente, en particular la protecci\u00f3n del mundo animal y la diversidad vegetal.<\/p>\n<p>3. Promover la profundizaci\u00f3n de la integraci\u00f3n europea, en el respeto de las identidades nacionales, regionales y locales, en particular a trav\u00e9s de una mejor implicaci\u00f3n de los ciudadanos europeos y de los actores econ\u00f3micos y sociales (sindicatos, empresas, organizaciones non gubernamentales) en la identificaci\u00f3n de los grandes desaf\u00edos mundiales y europeos y la definici\u00f3n del inter\u00e9s general europeo, y adem\u00e1s en la concepci\u00f3n y evaluaci\u00f3n de pol\u00edticas p\u00fablicas que pueden ofrecer soluciones a los principales problemas identificados.<\/p>\n<p>4. Implicarse activamente en el desarrollo econ\u00f3mico, cultural y social de las regiones m\u00e1s pobres del mundo, con respeto al medio ambiente, apoy\u00e1ndose en particular en hermanamientas operacionales entre colectividades locales europeas y las de los pa\u00edses afectados, con financiaci\u00f3n europea.<\/p>\n<p><strong>Otros objetivos m\u00e1s espec\u00edficos<\/strong><\/p>\n<p>Participar en el encuentro de j\u00f3venes talentos que vienen de medios sociales desfavorizados y acompa\u00f1arles en sus carreras profesionales.Contribuir al intercambio y a la promoci\u00f3n, dentro de Europa, de buenas pr\u00e1cticas en materia de integraci\u00f3n de personas que vienen de la emigraci\u00f3n.Promover el principio de laicidad.Promover la creaci\u00f3n cultural de los j\u00f3venes europeos dentro de la Uni\u00f3n Europea.Luchar por la abolici\u00f3n de la pena de muerte en el mundo.<\/p>","protected":false},"excerpt":{"rendered":"<p>1 objetivo estrat\u00e9gico Participar activamente, a trav\u00e9s de la Uni\u00f3n Europea, a la construcci\u00f3n de una sociedad internacional m\u00e1s pac\u00edfica, m\u00e1s respetuosa del medio ambiente, m\u00e1s pr\u00f3spera, m\u00e1s justa a nivel social, y m\u00e1s democr\u00e1tica. 4 objetivos mayores (para alcanzar el objetivo estrat\u00e9gico) 1. Obrar a favor de la transformaci\u00f3n de la econom\u00eda de consumu [&hellip;]<\/p>\n","protected":false},"author":4,"featured_media":0,"parent":0,"menu_order":0,"comment_status":"closed","ping_status":"closed","template":"","meta":{"footnotes":""},"_links":{"self":[{"href":"https:\/\/www.pace-europe.eu\/es\/wp-json\/wp\/v2\/pages\/201"}],"collection":[{"href":"https:\/\/www.pace-europe.eu\/es\/wp-json\/wp\/v2\/pages"}],"about":[{"href":"https:\/\/www.pace-europe.eu\/es\/wp-json\/wp\/v2\/types\/page"}],"author":[{"embeddable":true,"href":"https:\/\/www.pace-europe.eu\/es\/wp-json\/wp\/v2\/users\/4"}],"replies":[{"embeddable":true,"href":"https:\/\/www.pace-europe.eu\/es\/wp-json\/wp\/v2\/comments?post=201"}],"version-history":[{"count":4,"href":"https:\/\/www.pace-europe.eu\/es\/wp-json\/wp\/v2\/pages\/201\/revisions"}],"predecessor-version":[{"id":674,"href":"https:\/\/www.pace-europe.eu\/es\/wp-json\/wp\/v2\/pages\/201\/revisions\/674"}],"wp:attachment":[{"href":"https:\/\/www.pace-europe.eu\/es\/wp-json\/wp\/v2\/media?parent=201"}],"curies":[{"name":"wp","href":"https:\/\/api.w.org\/{rel}","templated":true}]}}