{"id":148,"date":"2016-06-30T11:44:39","date_gmt":"2016-06-30T09:44:39","guid":{"rendered":"http:\/\/wordpress.pace-europe.eu\/?page_id=148"},"modified":"2016-08-29T16:59:13","modified_gmt":"2016-08-29T14:59:13","slug":"communiques","status":"publish","type":"page","link":"https:\/\/www.pace-europe.eu\/es\/communiques\/","title":{"rendered":"Communicados"},"content":{"rendered":"<p><\/p>\n<ul>\n<li><a href=\"http:\/\/wordpress.pace-europe.eu\/proposition-de-pace-concernant-le-maintien-des-droits-des-citoyens-britanniques\/\">Proposici\u00f3n de PACE en relaci\u00f3n con la continuidad de los derechos de los ciudadanos brit\u00e1nicos<\/a><\/li>\n<li><a href=\"http:\/\/wordpress.pace-europe.eu\/es\/brexit\/\"><span class=\"item-title\"><span class=\"menu-item-title\">BREXIT<\/span>\u00a0<\/span><\/a><\/li>\n<li class=\"menu-item-bar\">\n<div class=\"menu-item-handle ui-sortable-handle\"><a href=\"http:\/\/wordpress.pace-europe.eu\/es\/9eme-assemblee-generale-ordinaire-de-pace\/\"><span class=\"item-title\"><span class=\"menu-item-title\">9\u00b0 asamblea general ordinaria de PACE<\/span>\u00a0<\/span><\/a><\/div>\n<\/li>\n<li class=\"menu-item-bar\">\n<div class=\"menu-item-handle ui-sortable-handle\"><a href=\"http:\/\/wordpress.pace-europe.eu\/es\/invitation-a-la-presse-reunion-dinformation-a-clermont\/\"><span class=\"item-title\"><span class=\"menu-item-title\">Reuni\u00f3n de informaci\u00f3n en Clermont de l&#8217;Oise<\/span><\/span><\/a><\/div>\n<\/li>\n<li class=\"menu-item-bar\">\n<div class=\"menu-item-handle ui-sortable-handle\"><a href=\"http:\/\/wordpress.pace-europe.eu\/es\/appel-a-la-treve-pour-un-bon-deroulement-de-leuro-2016\/\"><span class=\"item-title\"><span class=\"menu-item-title\">Llamada a la tregua por un buen desarrollo de la Eurocopa 2016<\/span><\/span><\/a><\/div>\n<\/li>\n<li class=\"menu-item-bar\">\n<div class=\"menu-item-handle ui-sortable-handle\"><a href=\"http:\/\/wordpress.pace-europe.eu\/es\/abandon-de-la-proposition-de-loi-de-verrouillage-de-lelection-presidentielle\/\"><span class=\"item-title\"><span class=\"menu-item-title\">Abandono de la proposici\u00f3n de ley de\u00a0\u00abbloqueo\u00bb de la elecci\u00f3n presidencial<\/span><\/span><\/a><\/div>\n<\/li>\n<li class=\"menu-item-bar\">\n<div class=\"menu-item-handle ui-sortable-handle\"><a href=\"http:\/\/wordpress.pace-europe.eu\/es\/attentats-de-bruxelles-du-22-mars-2016\/\"><span class=\"item-title\"><span class=\"menu-item-title\">Atentados de Bruselas del 22 marzo 2016<\/span><\/span><\/a><\/div>\n<\/li>\n<li class=\"menu-item-bar\">\n<div class=\"menu-item-handle ui-sortable-handle\"><a href=\"http:\/\/wordpress.pace-europe.eu\/es\/2eme-journee-de-la-citoyennete-europeenne\/\"><span class=\"item-title\"><span class=\"menu-item-title\">Segunda jornada de la ciudadan\u00eda europea<\/span> <\/span><\/a><\/div>\n<\/li>\n<\/ul>\n<p><\/p>","protected":false},"excerpt":{"rendered":"<p>Proposici\u00f3n de PACE en relaci\u00f3n con la continuidad de los derechos de los ciudadanos brit\u00e1nicos BREXIT\u00a0 9\u00b0 asamblea general ordinaria de PACE\u00a0 Reuni\u00f3n de informaci\u00f3n en Clermont de l&#8217;Oise Llamada a la tregua por un buen desarrollo de la Eurocopa 2016 Abandono de la proposici\u00f3n de ley de\u00a0\u00abbloqueo\u00bb de la elecci\u00f3n presidencial Atentados de Bruselas [&hellip;]<\/p>\n","protected":false},"author":4,"featured_media":0,"parent":0,"menu_order":0,"comment_status":"closed","ping_status":"closed","template":"","meta":{"footnotes":""},"_links":{"self":[{"href":"https:\/\/www.pace-europe.eu\/es\/wp-json\/wp\/v2\/pages\/148"}],"collection":[{"href":"https:\/\/www.pace-europe.eu\/es\/wp-json\/wp\/v2\/pages"}],"about":[{"href":"https:\/\/www.pace-europe.eu\/es\/wp-json\/wp\/v2\/types\/page"}],"author":[{"embeddable":true,"href":"https:\/\/www.pace-europe.eu\/es\/wp-json\/wp\/v2\/users\/4"}],"replies":[{"embeddable":true,"href":"https:\/\/www.pace-europe.eu\/es\/wp-json\/wp\/v2\/comments?post=148"}],"version-history":[{"count":6,"href":"https:\/\/www.pace-europe.eu\/es\/wp-json\/wp\/v2\/pages\/148\/revisions"}],"predecessor-version":[{"id":739,"href":"https:\/\/www.pace-europe.eu\/es\/wp-json\/wp\/v2\/pages\/148\/revisions\/739"}],"wp:attachment":[{"href":"https:\/\/www.pace-europe.eu\/es\/wp-json\/wp\/v2\/media?parent=148"}],"curies":[{"name":"wp","href":"https:\/\/api.w.org\/{rel}","templated":true}]}}