{"id":71,"date":"2016-06-28T11:31:08","date_gmt":"2016-06-28T10:31:08","guid":{"rendered":"https:\/\/paceeuropeblog.wordpress.com\/?page_id=71"},"modified":"2016-08-25T16:02:23","modified_gmt":"2016-08-25T14:02:23","slug":"ideario","status":"publish","type":"page","link":"https:\/\/www.pace-europe.eu\/de\/ideario\/","title":{"rendered":"Kerngedanken"},"content":{"rendered":"<p><\/p>\n<p lang=\"de-DE\" style=\"text-align: center;\"><strong>1. EINE HISTORISCH BEDEUTENDE ABSICHT: DIE ENTWICKLUNG EINER ECHTEN, EFFIZIENTEN POLITISCHE NGEMEINSCHAFT IN EUROPA DURCH DIE VERST\u00c4RKUNG DES EUROP\u00c4ISCHEN B\u00dcRGERTUMS.\u00a0<\/strong><\/p>\n<p><strong>F\u00f6rderung der politischen Debatten auf Europ\u00e4ischer Ebene<\/strong><\/p>\n<p lang=\"de-DE\" align=\"JUSTIFY\">Die politischen Entscheidungen, die heute auf europ\u00e4ischer Ebene getroffen werden, haben einen direkten und tiefgreifenden Einfluss auf das t\u00e4gliche Leben europ\u00e4ischer B\u00fcrger. Sie werden mit \u00e4hnlichen Problemen konfrontiert, denen zuk\u00fcnftig haupts\u00e4chlich die Europ\u00e4ischen Institutionen ausgesetzt sein werden. Paradoxerweise werden diese Fragen jedoch weiterhin auf nationaler Ebene diskutiert und verhandelt. Es ist Zeit f\u00fcr alle Europ\u00e4ischen B\u00fcrger, zusammen zu \u00fcberlegen, wie sie den Herausforderungen des 21. Jahrhunderts entgegen treten m\u00f6chten und worin ihr gemeinsames Interesse liegt.<\/p>\n<p lang=\"de-DE\" align=\"JUSTIFY\">\n<p lang=\"de-DE\"><strong>Den Europ\u00e4ischen B\u00fcrgern politische L\u00f6sungen vorzulegen, die f\u00fcr die Gesamtheit der Europ\u00e4ischen Union entwickelt wurden<\/strong><\/p>\n<p>&nbsp;<\/p>\n<p lang=\"de-DE\">Es ist eine wahre Herausforderung, eine politische Gemeinschaft in Europa zu entwickeln. Nicht nur die Mechanismen der Institutionen m\u00fcssen verbessert werden, sondern auch ein gemeinsamer politischer Standpunkt der Basis durch eine direkte Auseinandersetzung der Europ\u00e4ischen B\u00fcrger muss entstehen. PACE verpflichtet sich, l\u00e4nder\u00fcbergreifende Standpunkte zu vertreten und Vorschl\u00e4ge im Interesse aller Europ\u00e4er zu entwickeln. PACE wird seine Standpunkte nach R\u00fccksprache mit seinen Mitgliedern aufsetzen und setzt es sich zum Ziel, im unmittelbaren Dienst der B\u00fcrger zu stehen.<\/p>\n<p>&nbsp;<\/p>\n<p><strong>Ein Sachzwang, der nicht warten kann : eine verst\u00e4rkte direkte demokratische Verantwortlichkeit (\u00ab accountability \u00bb) f\u00fcr die Europ\u00e4ischen Institutionen und Entscheidungstr\u00e4ger<\/strong><\/p>\n<p lang=\"de-DE\" align=\"JUSTIFY\">Die fehlende Demokratie in den Entscheidungsfindungen der EU bringt eine wahre Legitimit\u00e4tskrise mit sich. PACE verpflichtet sich nicht nur, den B\u00fcrgern die wichtigsten Aktionen und Entscheidungen in Europa in klarer und verst\u00e4ndlicher Weise zu vermitteln, sondern sie auch vor den Europ\u00e4ischen Autorit\u00e4ten zu vertreten, damit diese ihr politisches Amt voll aus\u00fcben.<\/p>\n<p lang=\"de-DE\" align=\"JUSTIFY\">\n<p lang=\"de-DE\"><strong>Die \u00f6ffentliche Meinung in Europa an den politischen Kontext anpassen<\/strong><\/p>\n<p lang=\"de-DE\" align=\"JUSTIFY\">Damit der europ\u00e4ische B\u00fcrger die europ\u00e4ischen Institutionen tats\u00e4chlich verstehen und deren Funktionsweise einsch\u00e4tzen lernen kann (wie dies der Fall mit den nationalen Institutionen ist) muss mit gro\u00dfem p\u00e4dagogischen Einsatz, die Funktionsweise der Europ\u00e4ischen Union erkl\u00e4rt und vertraut gemacht werden. PACE verpflichtet sich, mithilfe seines europ\u00e4ischen Netzwerkes auf dieses Ziel hinzuarbeiten und die Autorit\u00e4ten der Europ\u00e4ischen Union und der Mitgliederstaaten zu ermutigen, ihre Aktionen in diese Richtung zu verst\u00e4rken.<\/p>\n<p lang=\"de-DE\" align=\"JUSTIFY\">\n<p lang=\"de-DE\" style=\"text-align: center;\"><strong>2.EINE NEUARTIGE PARTEISTRUKTUR MIT FESTEN WERTEN F\u00dcR DAS \u00d6FFENTLICHE LEBEN<\/strong><\/p>\n<p><strong>Eine Partei mit starker Europ\u00e4ischer Identit\u00e4t<\/strong><\/p>\n<p lang=\"de-DE\" align=\"JUSTIFY\">Die Mitglieder von PACE kommen aus allen L\u00e4ndern der Europ\u00e4ischen Union und tauschen sich in horizontaler Richtung aus, ohne Unterscheidung der Nationalt\u00e4ten. Sie bilden dadurch ein Versuchslabor f\u00fcr die europ\u00e4ische politische Identit\u00e4t.<\/p>\n<p>&nbsp;<\/p>\n<p><span lang=\"de-DE\"><strong>Das <\/strong><\/span><span lang=\"de-DE\"><strong>Treffen <\/strong><\/span><span lang=\"de-DE\"><strong>von <\/strong><\/span><span lang=\"de-DE\"><strong>Entscheidungen <\/strong><\/span><span lang=\"de-DE\"><strong>auf <\/strong><\/span><span lang=\"de-DE\"><strong>ausschlie\u00dflich <\/strong><\/span><span lang=\"de-DE\"><strong>europ\u00e4ischer<\/strong><\/span><span lang=\"de-DE\"><strong>Ebene<\/strong><\/span><\/p>\n<p lang=\"de-DE\" align=\"JUSTIFY\">Mit seinen Vorschl\u00e4gen und Stellungsnahmen repr\u00e4sentiert PACE einen einmaligen \u201eWahlbezirk\u201c. Die Angleichung oder Vers\u00f6hnung zwischen \u201enationalen\u201c Unterschieden und m\u00f6glichen entgegengesetzten nationalen Interessen, geschieht innerhalb der Partei. Daraus folgen die Stellungsnahmen, die das gemeinsame europ\u00e4ische Interesse vertreten, wie es von den Mitgliedern von PACE wahrgenommen wird.<\/p>\n<p>&nbsp;<\/p>\n<p><span lang=\"de-DE\"><strong>Vollst\u00e4ndige <\/strong><\/span><span lang=\"de-DE\"><strong>Transparenz <\/strong><\/span><span lang=\"de-DE\"><strong>der <\/strong><\/span><span lang=\"de-DE\"><strong>Funktionsweise <\/strong><\/span><span lang=\"de-DE\"><strong>sowie <\/strong><\/span><span lang=\"de-DE\"><strong>der<\/strong><\/span><span lang=\"de-DE\"><strong>Finanzierung <\/strong><\/span><span lang=\"de-DE\"><strong>der <\/strong><\/span><span lang=\"de-DE\"><strong>Partei<\/strong><\/span><\/p>\n<p lang=\"de-DE\" align=\"JUSTIFY\">PACE verpflichtet sich zu einer transparenten Arbeitsweise, indem die Hauptversammlungen f\u00fcr Beobachter zug\u00e4nglich gemacht und die Tagungsprotokolle im Internet ver\u00f6ffentlicht und verteilt werden. Die Finanzierung von PACE ist heute ausschlie\u00dflich durch Beitragszahlungen und durch Spenden der Mitglieder gesichert. Die beglaubigte Abrechnung ist f\u00fcr die \u00d6ffentlichkeit zug\u00e4nglich.<\/p>\n<p>&nbsp;<\/p>\n<p><span lang=\"de-DE\"><strong>Ein <\/strong><\/span><span lang=\"de-DE\"><strong>strenger <\/strong><\/span><span lang=\"de-DE\"><strong>interner <\/strong><\/span><span lang=\"de-DE\"><strong>ethischer <\/strong><\/span><span lang=\"de-DE\"><strong>Kodex<\/strong><\/span><\/p>\n<p lang=\"de-DE\" align=\"JUSTIFY\">Die ethische Schw\u00e4che von F\u00fchrungspersonen, besonders in Bezug auf Geld, wird h\u00e4ufig von gro\u00dfen Teilen der B\u00fcrger als Plage der Politik wahrgenommen. PACE ist sich des Schadens bewusst, der in der \u00f6ffentlichen Meinung durch einen Mangel an Moral angerichtet wird. Deshalb steht bei PACE die Ethik im Mittelpunkt der Handlung.<\/p>\n<p lang=\"de-DE\" align=\"JUSTIFY\">\n<p lang=\"de-DE\" style=\"text-align: center;\"><strong>3.EIN ERNEUERNDER, REALISTISCHER UND PRAGMATISCHER IDEOLOGISCHER STANDPUNKT, DER DEN GEF\u00dcHLEN DER MEHRHEIT DER EUROP\u00c4ERN ENTSPRICHT<\/strong><\/p>\n<p><span lang=\"de-DE\"><strong>Vermeidung <\/strong><\/span><span lang=\"de-DE\"><strong>einer <\/strong><\/span><span lang=\"de-DE\"><strong>nationalen <\/strong><\/span><span lang=\"de-DE\"><strong>und <\/strong><\/span><span lang=\"de-DE\"><strong>einseitigen <\/strong><\/span><span lang=\"de-DE\"><strong>rechts-links<\/strong><\/span><span lang=\"de-DE\"><strong>Aufteilung<\/strong><\/span><\/p>\n<p lang=\"de-DE\">\n<p><span lang=\"de-DE\"><strong>Grenzenloser <\/strong><\/span><span lang=\"de-DE\"><strong>Einsatz <\/strong><\/span><span lang=\"de-DE\"><strong>f\u00fcr <\/strong><\/span><span lang=\"de-DE\"><strong>eine <\/strong><\/span><span lang=\"de-DE\"><strong>soziale <\/strong><\/span><span lang=\"de-DE\"><strong>Marktwirtschaft<\/strong><\/span><\/p>\n<p lang=\"de-DE\" align=\"JUSTIFY\">Eine soziale Marktwirtschaft ist ein freies System, das nicht geplant wird und in dem der Mensch und das soziale Gleichgewicht im Zentrum stehen.<\/p>\n<p lang=\"de-DE\" align=\"JUSTIFY\">\u2022 Der private Sektor, vor allem die kleinen und mittelgro\u00dfen Unternehmen, sind der wichtigste Antrieb f\u00fcr die Kapitalschaffung in der Europ\u00e4ischen Union. Eine Politik, die Innovation und Wettbewerbsf\u00e4higkeit auf dem Weltmarkt f\u00f6rdert und belohnt, ist priorit\u00e4r.<\/p>\n<p lang=\"de-DE\">\u2022 Ein funktionierendes soziales Netz und eine echte Solidarit\u00e4t mit den Bed\u00fcrftigsten sind charakteristisch f\u00fcr das europ\u00e4ische Modell. Damit der Erhalt und die Entwicklung dieses Modells gew\u00e4hrt werden k\u00f6nnen, muss die Politik den Menschen im Herzen der \u00f6konomischen Aktivit\u00e4t sehen und sich deshalb vor allem f\u00fcr das Bildungswesen und einen freien Zugang zu medizinischer Versorgung einsetzen.<\/p>\n<p><span lang=\"de-DE\"><strong>F\u00f6rderung <\/strong><\/span><span lang=\"de-DE\"><strong>einer <\/strong><\/span><span lang=\"de-DE\"><strong>demokratischen <\/strong><\/span><span lang=\"de-DE\"><strong>europ\u00e4ischen <\/strong><\/span><span lang=\"de-DE\"><strong>Regierung <\/strong><\/span><span lang=\"de-DE\"><strong>und<\/strong><\/span><span lang=\"de-DE\"><strong>den <\/strong><\/span><span lang=\"de-DE\"><strong>Finanzsektor <\/strong><\/span><span lang=\"de-DE\"><strong>wieder <\/strong><\/span><span lang=\"de-DE\"><strong>in <\/strong><\/span><span lang=\"de-DE\"><strong>den <\/strong><\/span><span lang=\"de-DE\"><strong>Dienst <\/strong><\/span><span lang=\"de-DE\"><strong>der <\/strong><\/span><span lang=\"de-DE\"><strong>Gesellschaft <\/strong><\/span><span lang=\"de-DE\"><strong>und <\/strong><\/span><span lang=\"de-DE\"><strong>der<\/strong><\/span><span lang=\"de-DE\"><strong>wahren <\/strong><\/span><span lang=\"de-DE\"><strong>\u00d6konomie <\/strong><\/span><span lang=\"de-DE\"><strong>stellen<\/strong><\/span><\/p>\n<p lang=\"de-DE\" align=\"JUSTIFY\">Im heutigen Kontext m\u00fcssen mutige und verantwortungsvolle \u00dcberlegungen \u00fcber die Wirtschaftspolitik der europ\u00e4ischen Union angestellt werden, im Gegensatz zur Logik der Improvisation, die seit der Einf\u00fchrung des Euros vorherrscht. Au\u00dferdem sollte das Finanzwesen wieder solider und der wahren \u00d6konomie untergeordnet werden.<\/p>\n<p>&nbsp;<\/p>\n<p><span lang=\"de-DE\"><strong>Die <\/strong><\/span><span lang=\"de-DE\"><strong>nachhaltige <\/strong><\/span><span lang=\"de-DE\"><strong>Entwicklung <\/strong><\/span><span lang=\"de-DE\"><strong>wahr <\/strong><\/span><span lang=\"de-DE\"><strong>werden <\/strong><\/span><span lang=\"de-DE\"><strong>lassen<\/strong><\/span><\/p>\n<p lang=\"de-DE\" align=\"JUSTIFY\">Die Wirtschaftspolitik in Europa soll der Entwicklung der Wirtschaft und der Gesellschaft dienen, mit\u00a0Nachhaltigkeit, Gleichgewicht und Respekt vor der Umwelt. Den kommenden Krisen des Klimawechsels und der Energieknappheit muss vorgegriffen werden, indem ein Plan der Verst\u00e4rkung der \u201egr\u00fcnen\u201c Arbeitspl\u00e4tze in der europ\u00e4ischen Wirtschaft entworfen wird und die fossilen Energiequellen durch erneuerbare Energien ersetzt werden. PACE beabsichtigt, den \u00f6kologischen Gedanken als Antrieb des Wirtschaftswachstums in Europa einzusetzen. Ein konkreter Ansatz daf\u00fcr ist die F\u00f6rderung der hybriden Leistungsb\u00fcndel (HLB).<\/p>\n<p>&nbsp;<\/p>\n<p lang=\"de-DE\" align=\"JUSTIFY\"><strong>Unterst\u00fctzung <\/strong><strong>des <\/strong><strong>weiteren <\/strong><strong>Zusammenwachsens <\/strong><strong>der<\/strong><strong>Europ\u00e4ischen <\/strong><strong>Union <\/strong><strong>mithilfe <\/strong><strong>der <\/strong><strong>dazu <\/strong><strong>bereiten <\/strong><strong>Staaten<\/strong><\/p>\n<p lang=\"de-DE\" align=\"JUSTIFY\">Das Szenario einer Union, die sich mit unterschiedlicher Geschwindigkeit entwickelt, ist bereits jetzt Realit\u00e4t (Eurozone, Schengenstaaten). Es m\u00fcssen nun Wege gefunden werden, die es den interessierten Mitgliedsstaaten erlaubt, schneller in der Integration Europas voranzuschreiten, insbesondere hinsichtlich der Wirtschafts-, Bildungs- und Kulturpolitik.<\/p>\n<p>&nbsp;<\/p>\n<p lang=\"de-DE\"><strong>Die Grundfreiheiten, das Zivilrecht und die politischen Freiheiten gew\u00e4hren und f\u00f6rdern<\/strong><\/p>\n<p lang=\"de-DE\" align=\"JUSTIFY\">Europa ist ein Raum, in dem jede B\u00fcrgerin und jeder B\u00fcrger sich in seiner Einzigartigkeit entfalten k\u00f6nnen soll mit R\u00fccksicht auf jene Werte, die in Artikel 2 des EU-Vertrags beschrieben werden: \u201eDie Werte, auf die sich die Union gr\u00fcndet, sind die Achtung der Menschenw\u00fcrde, Freiheit, Demokratie, Gleichheit, Rechtsstaatlichkeit und die Wahrung der Menschenrechte einschlie\u00dflich der Rechte der Personen, die Minderheiten angeh\u00f6ren. Diese Werte sind allen Mitgliedstaaten in einer Gesellschaft gemeinsam, die sich durch Pluralismus, Nichtdiskriminierung, Toleranz, Gerechtigkeit, Solidarit\u00e4t und die Gleichheit von Frauen und M\u00e4nnern auszeichnet.\u201c<\/p>\n<p>&nbsp;<\/p>\n<p><span lang=\"de-DE\"><strong>Tats\u00e4chliche <\/strong><\/span><span lang=\"de-DE\"><strong>F\u00f6rderung <\/strong><\/span><span lang=\"de-DE\"><strong>sowohl <\/strong><\/span><span lang=\"de-DE\"><strong>des <\/strong><\/span><span lang=\"de-DE\"><strong>Friedens, <\/strong><\/span><span lang=\"de-DE\"><strong>der <\/strong><\/span><span lang=\"de-DE\"><strong>Demokratie<\/strong><\/span><span lang=\"de-DE\"><strong>und <\/strong><\/span><span lang=\"de-DE\"><strong>der <\/strong><\/span><span lang=\"de-DE\"><strong>Menschenrechte <\/strong><\/span><span lang=\"de-DE\"><strong>in <\/strong><\/span><span lang=\"de-DE\"><strong>der <\/strong><\/span><span lang=\"de-DE\"><strong>Welt <\/strong><\/span><span lang=\"de-DE\"><strong>als <\/strong><\/span><span lang=\"de-DE\"><strong>auch <\/strong><\/span><span lang=\"de-DE\"><strong>strategischer <\/strong><\/span><span lang=\"de-DE\"><strong>und<\/strong><\/span><span lang=\"de-DE\"><strong>ethischer <\/strong><\/span><span lang=\"de-DE\"><strong>Gebote <\/strong><\/span><span lang=\"de-DE\"><strong>im <\/strong><\/span><span lang=\"de-DE\"><strong>Herzen <\/strong><\/span><span lang=\"de-DE\"><strong>der <\/strong><\/span><span lang=\"de-DE\"><strong>europ\u00e4ischen <\/strong><\/span><span lang=\"de-DE\"><strong>Identit\u00e4t.<\/strong><\/span><\/p>\n<p align=\"JUSTIFY\"><span lang=\"de-DE\">Die<\/span><span lang=\"de-DE\"> Au\u00dfen- und Sicherheitspolitik der Europ\u00e4ischen Union ist noch im Fr\u00fchstadium, und konnte bisher weder erw\u00e4hnenswert zur internationalen Stabilit\u00e4t beitragen, noch die Menschenrechte und die Demokratie in der Welt f\u00f6rdern. In einem Umfeld, in dem sich das relative Gewicht der EU verringert, wird das Zusammenwirken dieser zwei Ziele immer schwieriger zu bewerkstelligen, und gleichzeitig jedoch auch noch notwendiger. Zwiesp\u00e4ltige Standards, enorme Ressourcenverschwendung, nationale Interessenskonflikte, Handlungsunf\u00e4higkeit, b\u00fcrokratische H\u00fcrden und eine fehlende klare F\u00fchrungskraft sind nur einige der Herausforderungen, die bew\u00e4ltigt werden m\u00fcssen.<\/span><\/p>\n<p>&nbsp;<\/p>\n<p lang=\"de-DE\" style=\"text-align: right;\"><strong>Der Text wurde in der ordentlichen Hauptversammlung von PACE am 9. Juni 2012 in Br\u00fcssel angenommen.<\/strong><\/p>\n<p lang=\"de-DE\" align=\"JUSTIFY\">Der Titel \u00ab\u00a0Id\u00e9ario\u00a0\u00bb wurde in Anerkennung an den Verfasser dieses Textes, Jos\u00e9 Luis, und an sein Heimatland Spanien gew\u00e4hlt.<\/p>\n<p lang=\"de-DE\" align=\"RIGHT\">\u00dcbersetzung: <strong>Philipp NORZ (Berlin)<\/strong><\/p>\n<p lang=\"de-DE\" align=\"RIGHT\">\u00dcberpr\u00fcfung: <strong>Anne-Marie WEIS (Luxembourg)<\/strong><\/p>\n<p><\/p>","protected":false},"excerpt":{"rendered":"<p>1. EINE HISTORISCH BEDEUTENDE ABSICHT: DIE ENTWICKLUNG EINER ECHTEN, EFFIZIENTEN POLITISCHE NGEMEINSCHAFT IN EUROPA DURCH DIE VERST\u00c4RKUNG DES EUROP\u00c4ISCHEN B\u00dcRGERTUMS.\u00a0 F\u00f6rderung der politischen Debatten auf Europ\u00e4ischer Ebene Die politischen Entscheidungen, die heute auf europ\u00e4ischer Ebene getroffen werden, haben einen direkten und tiefgreifenden Einfluss auf das t\u00e4gliche Leben europ\u00e4ischer B\u00fcrger. Sie werden mit \u00e4hnlichen Problemen konfrontiert, [&hellip;]<\/p>\n","protected":false},"author":2,"featured_media":0,"parent":0,"menu_order":0,"comment_status":"closed","ping_status":"closed","template":"","meta":{"footnotes":""},"_links":{"self":[{"href":"https:\/\/www.pace-europe.eu\/de\/wp-json\/wp\/v2\/pages\/71"}],"collection":[{"href":"https:\/\/www.pace-europe.eu\/de\/wp-json\/wp\/v2\/pages"}],"about":[{"href":"https:\/\/www.pace-europe.eu\/de\/wp-json\/wp\/v2\/types\/page"}],"author":[{"embeddable":true,"href":"https:\/\/www.pace-europe.eu\/de\/wp-json\/wp\/v2\/users\/2"}],"replies":[{"embeddable":true,"href":"https:\/\/www.pace-europe.eu\/de\/wp-json\/wp\/v2\/comments?post=71"}],"version-history":[{"count":3,"href":"https:\/\/www.pace-europe.eu\/de\/wp-json\/wp\/v2\/pages\/71\/revisions"}],"predecessor-version":[{"id":673,"href":"https:\/\/www.pace-europe.eu\/de\/wp-json\/wp\/v2\/pages\/71\/revisions\/673"}],"wp:attachment":[{"href":"https:\/\/www.pace-europe.eu\/de\/wp-json\/wp\/v2\/media?parent=71"}],"curies":[{"name":"wp","href":"https:\/\/api.w.org\/{rel}","templated":true}]}}