{"id":236,"date":"2016-06-24T09:08:58","date_gmt":"2016-06-24T07:08:58","guid":{"rendered":"http:\/\/wordpress.pace-europe.eu\/?page_id=236"},"modified":"2016-07-07T10:33:33","modified_gmt":"2016-07-07T08:33:33","slug":"brexit","status":"publish","type":"page","link":"https:\/\/www.pace-europe.eu\/de\/brexit\/","title":{"rendered":"BREXIT"},"content":{"rendered":"<p><img loading=\"lazy\" decoding=\"async\" class=\" wp-image-237 aligncenter\" src=\"http:\/\/wordpress.pace-europe.eu\/wp-content\/uploads\/2016\/07\/OUT-FR-gris-300x251.jpg\" alt=\"OUT FR gris\" width=\"422\" height=\"353\" srcset=\"https:\/\/www.pace-europe.eu\/wp-content\/uploads\/2016\/07\/OUT-FR-gris-300x251.jpg 300w, https:\/\/www.pace-europe.eu\/wp-content\/uploads\/2016\/07\/OUT-FR-gris-768x644.jpg 768w, https:\/\/www.pace-europe.eu\/wp-content\/uploads\/2016\/07\/OUT-FR-gris-262x220.jpg 262w, https:\/\/www.pace-europe.eu\/wp-content\/uploads\/2016\/07\/OUT-FR-gris.jpg 940w\" sizes=\"(max-width: 422px) 100vw, 422px\" \/><\/p>\n<p>PACE, le PArti des Citoyens Europ\u00e9ens, prend acte avec gravit\u00e9 et tristesse de la d\u00e9cision que vient de prendre le peuple britannique. Nous respectons ce choix d\u00e9mocratique, conforme \u00e0 l\u2019article 50 du Trait\u00e9 sur l\u2019Union europ\u00e9enne, mais il ne peut changer le fait que l&#8217;Angleterre, l&#8217;Ecosse, le Pays de Galles et l&#8217;Irlande du Nord sont des nations ou des r\u00e9gions europ\u00e9ennes dont les liens g\u00e9ographiques, historiques, culturels, scientifiques, \u00e9conomiques et politiques avec les a<span class=\"text_exposed_show\">utres pays europ\u00e9ens et leurs citoyen(ne)s sont incontestablement tr\u00e8s forts.<\/span><\/p>\n<div class=\"text_exposed_show\">\n<p>Si un jour le Royaume-Uni, pour faire face au r\u00e9chauffement climatique, au terrorisme, aux d\u00e9s\u00e9quilibres de la mondialisation, \u00e0 la pollution des oc\u00e9ans, \u00e0 la destruction de la biodiversit\u00e9, au d\u00e9clin de nos capacit\u00e9s de d\u00e9fense &#8211; notamment face \u00e0 une possible cyberguerre -, arrivait \u00e0 la conclusion que les Europ\u00e9ens doivent \u00eatre unis plut\u00f4t que divis\u00e9s, PACE accueillerait avec fraternit\u00e9 une nouvelle demande d&#8217;adh\u00e9sion. Pour autant que les citoyen(ne)s britanniques manifestent, par un nouveau referendum, une volont\u00e9 claire et sans ambig\u00fcit\u00e9 aucune de rejoindre l&#8217;Union europ\u00e9enne &#8211; voire la R\u00e9publique europ\u00e9enne que PACE appelle de ses v\u0153ux &#8211; et d&#8217;adopter tout l&#8217;acquis communautaire, sans exception.<\/p>\n<p>Enfin, nous consid\u00e9rons que le statut de citoyen(ne) europ\u00e9en(ne) est irr\u00e9versible et ne saurait \u00eatre soumis \u00e0 un vote, aussi important soit-il. Nous estimons donc qu&#8217;il n&#8217;est pas possible d\u2019en priver les citoyens britanniques qui se consid\u00e8rent comme des Europ\u00e9ens. S&#8217;il appartient \u00e0 la Cour de Justice de se prononcer sur les cons\u00e9quences juridiques pour les citoyens britanniques du retrait du Royaume-Uni de l&#8217;Union europ\u00e9enne, ils continueront \u00e0 avoir toute leur place au sein de PACE, parmi les sympathisants, les adh\u00e9rents et m\u00eame les membres du conseil d&#8217;administration, comme aujourd\u2019hui.<\/p>\n<p>C&#8217;est dans cet esprit que nous maintenons nos activit\u00e9s pr\u00e9vues au Royaume-Uni pour les mois qui viennent, et invitons les citoyen(ne)s europ\u00e9en(ne)s de nationalit\u00e9 britannique \u00e0 participer \u00e0 la 5\u00e8me universit\u00e9 d\u2019\u00e9t\u00e9 de PACE qui se tiendra \u00e0 Brighton du 1er au 4 septembre 2016.<\/p>\n<p>Vive l\u2019Europe<\/p>\n<\/div>\n<p><img loading=\"lazy\" decoding=\"async\" class=\" wp-image-238 aligncenter\" src=\"http:\/\/wordpress.pace-europe.eu\/wp-content\/uploads\/2016\/07\/OUT-EN-gris-300x251.jpg\" alt=\"OUT EN gris\" width=\"422\" height=\"353\" srcset=\"https:\/\/www.pace-europe.eu\/wp-content\/uploads\/2016\/07\/OUT-EN-gris-300x251.jpg 300w, https:\/\/www.pace-europe.eu\/wp-content\/uploads\/2016\/07\/OUT-EN-gris-768x644.jpg 768w, https:\/\/www.pace-europe.eu\/wp-content\/uploads\/2016\/07\/OUT-EN-gris-262x220.jpg 262w, https:\/\/www.pace-europe.eu\/wp-content\/uploads\/2016\/07\/OUT-EN-gris.jpg 940w\" sizes=\"(max-width: 422px) 100vw, 422px\" \/><\/p>\n","protected":false},"excerpt":{"rendered":"<p>PACE, le PArti des Citoyens Europ\u00e9ens, prend acte avec gravit\u00e9 et tristesse de la d\u00e9cision que vient de prendre le peuple britannique. Nous respectons ce choix d\u00e9mocratique, conforme \u00e0 l\u2019article 50 du Trait\u00e9 sur l\u2019Union europ\u00e9enne, mais il ne peut changer le fait que l&#8217;Angleterre, l&#8217;Ecosse, le Pays de Galles et l&#8217;Irlande du Nord sont [&hellip;]<\/p>\n","protected":false},"author":4,"featured_media":0,"parent":0,"menu_order":0,"comment_status":"closed","ping_status":"closed","template":"","meta":{"footnotes":""},"_links":{"self":[{"href":"https:\/\/www.pace-europe.eu\/de\/wp-json\/wp\/v2\/pages\/236"}],"collection":[{"href":"https:\/\/www.pace-europe.eu\/de\/wp-json\/wp\/v2\/pages"}],"about":[{"href":"https:\/\/www.pace-europe.eu\/de\/wp-json\/wp\/v2\/types\/page"}],"author":[{"embeddable":true,"href":"https:\/\/www.pace-europe.eu\/de\/wp-json\/wp\/v2\/users\/4"}],"replies":[{"embeddable":true,"href":"https:\/\/www.pace-europe.eu\/de\/wp-json\/wp\/v2\/comments?post=236"}],"version-history":[{"count":3,"href":"https:\/\/www.pace-europe.eu\/de\/wp-json\/wp\/v2\/pages\/236\/revisions"}],"predecessor-version":[{"id":362,"href":"https:\/\/www.pace-europe.eu\/de\/wp-json\/wp\/v2\/pages\/236\/revisions\/362"}],"wp:attachment":[{"href":"https:\/\/www.pace-europe.eu\/de\/wp-json\/wp\/v2\/media?parent=236"}],"curies":[{"name":"wp","href":"https:\/\/api.w.org\/{rel}","templated":true}]}}