{"id":204,"date":"2016-06-30T16:18:51","date_gmt":"2016-06-30T14:18:51","guid":{"rendered":"http:\/\/wordpress.pace-europe.eu\/?page_id=204"},"modified":"2016-09-03T12:14:36","modified_gmt":"2016-09-03T10:14:36","slug":"donne-une-voix-a-leurope","status":"publish","type":"page","link":"https:\/\/www.pace-europe.eu\/de\/donne-une-voix-a-leurope\/","title":{"rendered":"Gib Europa eine Stimme \u2013 erste Ausgabe"},"content":{"rendered":"<p><img loading=\"lazy\" decoding=\"async\" class=\" wp-image-464 aligncenter\" src=\"http:\/\/wordpress.pace-europe.eu\/wp-content\/uploads\/2016\/06\/1546128_1409696362603038_1743239589_n-2-300x266.jpg\" alt=\"1546128_1409696362603038_1743239589_n\" width=\"381\" height=\"338\" srcset=\"https:\/\/www.pace-europe.eu\/wp-content\/uploads\/2016\/06\/1546128_1409696362603038_1743239589_n-2-300x266.jpg 300w, https:\/\/www.pace-europe.eu\/wp-content\/uploads\/2016\/06\/1546128_1409696362603038_1743239589_n-2-768x682.jpg 768w, https:\/\/www.pace-europe.eu\/wp-content\/uploads\/2016\/06\/1546128_1409696362603038_1743239589_n-2-248x220.jpg 248w, https:\/\/www.pace-europe.eu\/wp-content\/uploads\/2016\/06\/1546128_1409696362603038_1743239589_n-2.jpg 960w\" sizes=\"(max-width: 381px) 100vw, 381px\" \/><\/p>\n<p style=\"text-align: justify;\">Im Vorfeld der Europa-Wahlen am 25. Mai 2014 hat PACE die erste Ausgabe ihrer Zeitschrift \u201eGib Europa eine Stimme\u201c ver\u00f6ffentlicht. Das Vorwort ist von Guy VERHOFSTADT signiert, dessen Kandidatur f\u00fcr die Pr\u00e4sidentschaft der Europ\u00e4ischen Kommission PACE unterst\u00fctzt. Sie k\u00f6nnen die Zeitschrift im interaktiven PDF-Format <a href=\"http:\/\/fr.calameo.com\/read\/0033847330a6dfc37ae50\">hier<\/a> frei konsultieren.<\/p>\n<p style=\"text-align: justify;\">Alternativ k\u00f6nnen sie eine gedruckte Herausgabe (11\u00d718) f\u00fcr 7,- \u20ac zzgl. Versandkosten, oder eine kostenlose PDF Version \u00fcber die Kontaktadresse Pace-20@localhost bestellen.<\/p>\n<p><\/p>","protected":false},"excerpt":{"rendered":"<p>Im Vorfeld der Europa-Wahlen am 25. Mai 2014 hat PACE die erste Ausgabe ihrer Zeitschrift \u201eGib Europa eine Stimme\u201c ver\u00f6ffentlicht. Das Vorwort ist von Guy VERHOFSTADT signiert, dessen Kandidatur f\u00fcr die Pr\u00e4sidentschaft der Europ\u00e4ischen Kommission PACE unterst\u00fctzt. Sie k\u00f6nnen die Zeitschrift im interaktiven PDF-Format hier frei konsultieren. Alternativ k\u00f6nnen sie eine gedruckte Herausgabe (11\u00d718) f\u00fcr [&hellip;]<\/p>\n","protected":false},"author":4,"featured_media":0,"parent":0,"menu_order":0,"comment_status":"closed","ping_status":"closed","template":"","meta":{"footnotes":""},"_links":{"self":[{"href":"https:\/\/www.pace-europe.eu\/de\/wp-json\/wp\/v2\/pages\/204"}],"collection":[{"href":"https:\/\/www.pace-europe.eu\/de\/wp-json\/wp\/v2\/pages"}],"about":[{"href":"https:\/\/www.pace-europe.eu\/de\/wp-json\/wp\/v2\/types\/page"}],"author":[{"embeddable":true,"href":"https:\/\/www.pace-europe.eu\/de\/wp-json\/wp\/v2\/users\/4"}],"replies":[{"embeddable":true,"href":"https:\/\/www.pace-europe.eu\/de\/wp-json\/wp\/v2\/comments?post=204"}],"version-history":[{"count":13,"href":"https:\/\/www.pace-europe.eu\/de\/wp-json\/wp\/v2\/pages\/204\/revisions"}],"predecessor-version":[{"id":790,"href":"https:\/\/www.pace-europe.eu\/de\/wp-json\/wp\/v2\/pages\/204\/revisions\/790"}],"wp:attachment":[{"href":"https:\/\/www.pace-europe.eu\/de\/wp-json\/wp\/v2\/media?parent=204"}],"curies":[{"name":"wp","href":"https:\/\/api.w.org\/{rel}","templated":true}]}}