{"id":201,"date":"2016-06-30T16:16:03","date_gmt":"2016-06-30T14:16:03","guid":{"rendered":"http:\/\/wordpress.pace-europe.eu\/?page_id=201"},"modified":"2016-08-25T16:13:43","modified_gmt":"2016-08-25T14:13:43","slug":"objectifs-initiaux","status":"publish","type":"page","link":"https:\/\/www.pace-europe.eu\/de\/objectifs-initiaux\/","title":{"rendered":"Anf\u00e4ngliche Ziele"},"content":{"rendered":"<p><strong>Ein strategisches Ziel<\/strong><\/p>\n<p>Mittels der Europ\u00e4ischen Union ein aktives Mitwirken am Aufbau einer internationalen Gesellschaft, die friedlicher, umweltbewusster, wohlhabender, sowie in sozialer Hinsicht gerechter und demokratischer ist.<\/p>\n<p><strong>Vier Hauptziele<\/strong><\/p>\n<p>(um das strategische Ziel zu erreichen)<\/p>\n<p>1. Umwandlung der aktuellen Konsumwirtschaft, die von der Verschwendung der Rohstoffe, der Verschmutzung und Unsicherheit gekennzeichnet ist, in eine konkurrenzf\u00e4hige Wirtschaft, basierend auf Initiative und \u00d6ko-Innovation, welche durch das Verantwortungsbewusstsein der B\u00fcrger \/ Verbraucher und Unternehmen gepr\u00e4gt ist. Ziel ist die Entwicklung eines Gleichgewichtes zwischen Wirtschaftswachstum, Umweltschutz und beruflicher Sicherheit.<\/p>\n<p>2. Einsatz f\u00fcr die Erhaltung der Natur, vor allem Schutz der Fauna und Bewahrung der pflanzlichen Artenvielfalt.<\/p>\n<p>3. Intensivierung der europ\u00e4ischen Integration mit Beibehaltung der nationalen, regionalen und lokalen Identit\u00e4ten dank besserer Einbeziehung des europ\u00e4ischen B\u00fcrgers sowie der wirtschaftlichen und sozialen Akteure (Gewerkschaften, Unternehmen und Nichtregierungsorganisationen) bei der Identifikation der gro\u00dfen europ\u00e4ischen und globalen Herausforderungen und bei der Pr\u00e4zisierung des allgemeinen europ\u00e4ischen Interesses als auch bei der Ausarbeitung und Auswertung von \u00f6ffentlichen Ma\u00dfnahmen, die zu L\u00f6sungen der Hauptprobleme f\u00fchren.<\/p>\n<p>4. Aktives Mitwirken an der wirtschaftlichen, kulturellen und sozialen Entwicklung der \u00e4rmsten Regionen der Welt durch einen verantwortungsvollen Umgang mit der Umwelt und dank der Unterst\u00fctzung durch die von der EU finanzierten Partnerschaftsabkommen zwischen Gemeinden in Europa und in den betroffenen L\u00e4ndern.<\/p>\n<p><strong>Andere spezifischere Ziele<\/strong><\/p>\n<p>Identifikation von jungen Talenten aus unterprivilegiertem Milieu und ihre Unterst\u00fctzung auf ihrem Weg zum Erfolg. Austausch und Unterst\u00fctzung guter Techniken zur Eingliederung von Menschen mit Migrationshintergrund.Unterst\u00fctzung des Prinzips der Trennung von Kirche und Staat. F\u00f6rderung der kulturellen Kreativit\u00e4t von Jugendlichen und deren Unterst\u00fctzung durch die Europ\u00e4ische Union. Kampf f\u00fcr die Abschaffung der Todesstrafe auf der ganzen Welt.<\/p>","protected":false},"excerpt":{"rendered":"<p>Ein strategisches Ziel Mittels der Europ\u00e4ischen Union ein aktives Mitwirken am Aufbau einer internationalen Gesellschaft, die friedlicher, umweltbewusster, wohlhabender, sowie in sozialer Hinsicht gerechter und demokratischer ist. Vier Hauptziele (um das strategische Ziel zu erreichen) 1. Umwandlung der aktuellen Konsumwirtschaft, die von der Verschwendung der Rohstoffe, der Verschmutzung und Unsicherheit gekennzeichnet ist, in eine konkurrenzf\u00e4hige [&hellip;]<\/p>\n","protected":false},"author":4,"featured_media":0,"parent":0,"menu_order":0,"comment_status":"closed","ping_status":"closed","template":"","meta":{"footnotes":""},"_links":{"self":[{"href":"https:\/\/www.pace-europe.eu\/de\/wp-json\/wp\/v2\/pages\/201"}],"collection":[{"href":"https:\/\/www.pace-europe.eu\/de\/wp-json\/wp\/v2\/pages"}],"about":[{"href":"https:\/\/www.pace-europe.eu\/de\/wp-json\/wp\/v2\/types\/page"}],"author":[{"embeddable":true,"href":"https:\/\/www.pace-europe.eu\/de\/wp-json\/wp\/v2\/users\/4"}],"replies":[{"embeddable":true,"href":"https:\/\/www.pace-europe.eu\/de\/wp-json\/wp\/v2\/comments?post=201"}],"version-history":[{"count":4,"href":"https:\/\/www.pace-europe.eu\/de\/wp-json\/wp\/v2\/pages\/201\/revisions"}],"predecessor-version":[{"id":674,"href":"https:\/\/www.pace-europe.eu\/de\/wp-json\/wp\/v2\/pages\/201\/revisions\/674"}],"wp:attachment":[{"href":"https:\/\/www.pace-europe.eu\/de\/wp-json\/wp\/v2\/media?parent=201"}],"curies":[{"name":"wp","href":"https:\/\/api.w.org\/{rel}","templated":true}]}}